{"id":2770,"date":"2022-07-05T14:22:16","date_gmt":"2022-07-05T14:22:16","guid":{"rendered":"https:\/\/rembrandthoeve.templ8.nl\/ost\/"},"modified":"2022-07-28T13:06:46","modified_gmt":"2022-07-28T13:06:46","slug":"ost","status":"publish","type":"page","link":"https:\/\/rembrandthoeveamsterdam.nl\/no\/ost\/","title":{"rendered":"Ost"},"content":{"rendered":"<p>P\u00e5 Rembrandthoeve blir du tatt tilbake i tid for en stund: Den ber\u00f8mte nederlandske Gouda-osten lages fortsatt p\u00e5 tradisjonell m\u00e5te. Under en omvisning viser bonden Roel deg hvorfor denne osten smaker s\u00e5 godt og hvorfor nederlenderne er s\u00e5 gode ostemakere! Du vil bli overrasket da denne tradisjonelle m\u00e5ten \u00e5 lage ost p\u00e5 ikke stopper bonden Roel i \u00e5 lage nye ostesmaker ved siden av den tradisjonelle vanlige Gouda-osten:<\/p>\n<p>Hvitl\u00f8k og gressl\u00f8k som passer fantastisk til et glass vin. Pepperoni for pepperelskere. Hele sennepsfr\u00f8 til en typisk nederlandsk sandwich. R\u00f8kt ost med skinke, perfekt med et glass \u00f8l. Og det beste er fortsatt \u00e5 komme: Du kan smake alle de forskjellige smakene av osten, som kan kj\u00f8pes etterp\u00e5. En perfekt avslutning p\u00e5 et bes\u00f8k til Rembrandt Hoeve.<\/p>\n","protected":false},"excerpt":{"rendered":"<p>P\u00e5 Rembrandthoeve blir du tatt tilbake i tid for en stund: Den ber\u00f8mte nederlandske Gouda-osten lages fortsatt p\u00e5 tradisjonell m\u00e5te. Under en omvisning viser bonden Roel deg hvorfor denne osten smaker s\u00e5 godt og hvorfor nederlenderne er s\u00e5 gode ostemakere! Du vil bli overrasket da denne tradisjonelle m\u00e5ten \u00e5 lage ost p\u00e5 ikke stopper bonden [&hellip;]<\/p>\n","protected":false},"author":1,"featured_media":2613,"parent":0,"menu_order":0,"comment_status":"closed","ping_status":"closed","template":"","meta":{"footnotes":""},"class_list":["post-2770","page","type-page","status-publish","has-post-thumbnail","hentry"],"yoast_head":"<!-- This site is optimized with the Yoast SEO plugin v27.4 - https:\/\/yoast.com\/product\/yoast-seo-wordpress\/ -->\n<title>Ost - The Rembrandt Hoeve<\/title>\n<meta name=\"robots\" content=\"index, follow, max-snippet:-1, max-image-preview:large, max-video-preview:-1\" \/>\n<link rel=\"canonical\" href=\"https:\/\/rembrandthoeveamsterdam.nl\/no\/ost\/\" \/>\n<meta property=\"og:locale\" content=\"nb_NO\" \/>\n<meta property=\"og:type\" content=\"article\" \/>\n<meta property=\"og:title\" content=\"Ost - The Rembrandt Hoeve\" \/>\n<meta property=\"og:description\" content=\"P\u00e5 Rembrandthoeve blir du tatt tilbake i tid for en stund: Den ber\u00f8mte nederlandske Gouda-osten lages fortsatt p\u00e5 tradisjonell m\u00e5te. Under en omvisning viser bonden Roel deg hvorfor denne osten smaker s\u00e5 godt og hvorfor nederlenderne er s\u00e5 gode ostemakere! Du vil bli overrasket da denne tradisjonelle m\u00e5ten \u00e5 lage ost p\u00e5 ikke stopper bonden [&hellip;]\" \/>\n<meta property=\"og:url\" content=\"https:\/\/rembrandthoeveamsterdam.nl\/no\/ost\/\" \/>\n<meta property=\"og:site_name\" content=\"The Rembrandt Hoeve\" \/>\n<meta property=\"article:modified_time\" content=\"2022-07-28T13:06:46+00:00\" \/>\n<meta property=\"og:image\" content=\"https:\/\/rembrandthoeveamsterdam.nl\/wp-content\/uploads\/2022\/07\/rudenko-photography-41.jpg\" \/>\n\t<meta property=\"og:image:width\" content=\"1600\" \/>\n\t<meta property=\"og:image:height\" content=\"1200\" \/>\n\t<meta property=\"og:image:type\" content=\"image\/jpeg\" \/>\n<meta name=\"twitter:card\" content=\"summary_large_image\" \/>\n<meta name=\"twitter:label1\" content=\"Ansl. lesetid\" \/>\n\t<meta name=\"twitter:data1\" content=\"1 minutt\" \/>\n<script type=\"application\/ld+json\" class=\"yoast-schema-graph\">{\"@context\":\"https:\\\/\\\/schema.org\",\"@graph\":[{\"@type\":\"WebPage\",\"@id\":\"https:\\\/\\\/rembrandthoeveamsterdam.nl\\\/no\\\/ost\\\/\",\"url\":\"https:\\\/\\\/rembrandthoeveamsterdam.nl\\\/no\\\/ost\\\/\",\"name\":\"Ost - The Rembrandt Hoeve\",\"isPartOf\":{\"@id\":\"https:\\\/\\\/rembrandthoeveamsterdam.nl\\\/no\\\/#website\"},\"primaryImageOfPage\":{\"@id\":\"https:\\\/\\\/rembrandthoeveamsterdam.nl\\\/no\\\/ost\\\/#primaryimage\"},\"image\":{\"@id\":\"https:\\\/\\\/rembrandthoeveamsterdam.nl\\\/no\\\/ost\\\/#primaryimage\"},\"thumbnailUrl\":\"https:\\\/\\\/rembrandthoeveamsterdam.nl\\\/wp-content\\\/uploads\\\/2022\\\/07\\\/rudenko-photography-41.jpg\",\"datePublished\":\"2022-07-05T14:22:16+00:00\",\"dateModified\":\"2022-07-28T13:06:46+00:00\",\"breadcrumb\":{\"@id\":\"https:\\\/\\\/rembrandthoeveamsterdam.nl\\\/no\\\/ost\\\/#breadcrumb\"},\"inLanguage\":\"nb-NO\",\"potentialAction\":[{\"@type\":\"ReadAction\",\"target\":[\"https:\\\/\\\/rembrandthoeveamsterdam.nl\\\/no\\\/ost\\\/\"]}]},{\"@type\":\"ImageObject\",\"inLanguage\":\"nb-NO\",\"@id\":\"https:\\\/\\\/rembrandthoeveamsterdam.nl\\\/no\\\/ost\\\/#primaryimage\",\"url\":\"https:\\\/\\\/rembrandthoeveamsterdam.nl\\\/wp-content\\\/uploads\\\/2022\\\/07\\\/rudenko-photography-41.jpg\",\"contentUrl\":\"https:\\\/\\\/rembrandthoeveamsterdam.nl\\\/wp-content\\\/uploads\\\/2022\\\/07\\\/rudenko-photography-41.jpg\",\"width\":1600,\"height\":1200},{\"@type\":\"BreadcrumbList\",\"@id\":\"https:\\\/\\\/rembrandthoeveamsterdam.nl\\\/no\\\/ost\\\/#breadcrumb\",\"itemListElement\":[{\"@type\":\"ListItem\",\"position\":1,\"name\":\"Home\",\"item\":\"https:\\\/\\\/rembrandthoeveamsterdam.nl\\\/no\\\/hjem\\\/\"},{\"@type\":\"ListItem\",\"position\":2,\"name\":\"Ost\"}]},{\"@type\":\"WebSite\",\"@id\":\"https:\\\/\\\/rembrandthoeveamsterdam.nl\\\/no\\\/#website\",\"url\":\"https:\\\/\\\/rembrandthoeveamsterdam.nl\\\/no\\\/\",\"name\":\"The Rembrandt Hoeve\",\"description\":\"Cheesefarm &amp; Clog factory in Amsterdam\",\"publisher\":{\"@id\":\"https:\\\/\\\/rembrandthoeveamsterdam.nl\\\/no\\\/#organization\"},\"potentialAction\":[{\"@type\":\"SearchAction\",\"target\":{\"@type\":\"EntryPoint\",\"urlTemplate\":\"https:\\\/\\\/rembrandthoeveamsterdam.nl\\\/no\\\/?s={search_term_string}\"},\"query-input\":{\"@type\":\"PropertyValueSpecification\",\"valueRequired\":true,\"valueName\":\"search_term_string\"}}],\"inLanguage\":\"nb-NO\"},{\"@type\":\"Organization\",\"@id\":\"https:\\\/\\\/rembrandthoeveamsterdam.nl\\\/no\\\/#organization\",\"name\":\"The Rembrandt Hoeve\",\"url\":\"https:\\\/\\\/rembrandthoeveamsterdam.nl\\\/no\\\/\",\"logo\":{\"@type\":\"ImageObject\",\"inLanguage\":\"nb-NO\",\"@id\":\"https:\\\/\\\/rembrandthoeveamsterdam.nl\\\/no\\\/#\\\/schema\\\/logo\\\/image\\\/\",\"url\":\"https:\\\/\\\/rembrandthoeveamsterdam.nl\\\/wp-content\\\/uploads\\\/2020\\\/10\\\/logo-2.png\",\"contentUrl\":\"https:\\\/\\\/rembrandthoeveamsterdam.nl\\\/wp-content\\\/uploads\\\/2020\\\/10\\\/logo-2.png\",\"width\":222,\"height\":121,\"caption\":\"The Rembrandt Hoeve\"},\"image\":{\"@id\":\"https:\\\/\\\/rembrandthoeveamsterdam.nl\\\/no\\\/#\\\/schema\\\/logo\\\/image\\\/\"}}]}<\/script>\n<!-- \/ Yoast SEO plugin. -->","yoast_head_json":{"title":"Ost - The Rembrandt Hoeve","robots":{"index":"index","follow":"follow","max-snippet":"max-snippet:-1","max-image-preview":"max-image-preview:large","max-video-preview":"max-video-preview:-1"},"canonical":"https:\/\/rembrandthoeveamsterdam.nl\/no\/ost\/","og_locale":"nb_NO","og_type":"article","og_title":"Ost - The Rembrandt Hoeve","og_description":"P\u00e5 Rembrandthoeve blir du tatt tilbake i tid for en stund: Den ber\u00f8mte nederlandske Gouda-osten lages fortsatt p\u00e5 tradisjonell m\u00e5te. Under en omvisning viser bonden Roel deg hvorfor denne osten smaker s\u00e5 godt og hvorfor nederlenderne er s\u00e5 gode ostemakere! Du vil bli overrasket da denne tradisjonelle m\u00e5ten \u00e5 lage ost p\u00e5 ikke stopper bonden [&hellip;]","og_url":"https:\/\/rembrandthoeveamsterdam.nl\/no\/ost\/","og_site_name":"The Rembrandt Hoeve","article_modified_time":"2022-07-28T13:06:46+00:00","og_image":[{"width":1600,"height":1200,"url":"https:\/\/rembrandthoeveamsterdam.nl\/wp-content\/uploads\/2022\/07\/rudenko-photography-41.jpg","type":"image\/jpeg"}],"twitter_card":"summary_large_image","twitter_misc":{"Ansl. lesetid":"1 minutt"},"schema":{"@context":"https:\/\/schema.org","@graph":[{"@type":"WebPage","@id":"https:\/\/rembrandthoeveamsterdam.nl\/no\/ost\/","url":"https:\/\/rembrandthoeveamsterdam.nl\/no\/ost\/","name":"Ost - The Rembrandt Hoeve","isPartOf":{"@id":"https:\/\/rembrandthoeveamsterdam.nl\/no\/#website"},"primaryImageOfPage":{"@id":"https:\/\/rembrandthoeveamsterdam.nl\/no\/ost\/#primaryimage"},"image":{"@id":"https:\/\/rembrandthoeveamsterdam.nl\/no\/ost\/#primaryimage"},"thumbnailUrl":"https:\/\/rembrandthoeveamsterdam.nl\/wp-content\/uploads\/2022\/07\/rudenko-photography-41.jpg","datePublished":"2022-07-05T14:22:16+00:00","dateModified":"2022-07-28T13:06:46+00:00","breadcrumb":{"@id":"https:\/\/rembrandthoeveamsterdam.nl\/no\/ost\/#breadcrumb"},"inLanguage":"nb-NO","potentialAction":[{"@type":"ReadAction","target":["https:\/\/rembrandthoeveamsterdam.nl\/no\/ost\/"]}]},{"@type":"ImageObject","inLanguage":"nb-NO","@id":"https:\/\/rembrandthoeveamsterdam.nl\/no\/ost\/#primaryimage","url":"https:\/\/rembrandthoeveamsterdam.nl\/wp-content\/uploads\/2022\/07\/rudenko-photography-41.jpg","contentUrl":"https:\/\/rembrandthoeveamsterdam.nl\/wp-content\/uploads\/2022\/07\/rudenko-photography-41.jpg","width":1600,"height":1200},{"@type":"BreadcrumbList","@id":"https:\/\/rembrandthoeveamsterdam.nl\/no\/ost\/#breadcrumb","itemListElement":[{"@type":"ListItem","position":1,"name":"Home","item":"https:\/\/rembrandthoeveamsterdam.nl\/no\/hjem\/"},{"@type":"ListItem","position":2,"name":"Ost"}]},{"@type":"WebSite","@id":"https:\/\/rembrandthoeveamsterdam.nl\/no\/#website","url":"https:\/\/rembrandthoeveamsterdam.nl\/no\/","name":"The Rembrandt Hoeve","description":"Cheesefarm &amp; Clog factory in Amsterdam","publisher":{"@id":"https:\/\/rembrandthoeveamsterdam.nl\/no\/#organization"},"potentialAction":[{"@type":"SearchAction","target":{"@type":"EntryPoint","urlTemplate":"https:\/\/rembrandthoeveamsterdam.nl\/no\/?s={search_term_string}"},"query-input":{"@type":"PropertyValueSpecification","valueRequired":true,"valueName":"search_term_string"}}],"inLanguage":"nb-NO"},{"@type":"Organization","@id":"https:\/\/rembrandthoeveamsterdam.nl\/no\/#organization","name":"The Rembrandt Hoeve","url":"https:\/\/rembrandthoeveamsterdam.nl\/no\/","logo":{"@type":"ImageObject","inLanguage":"nb-NO","@id":"https:\/\/rembrandthoeveamsterdam.nl\/no\/#\/schema\/logo\/image\/","url":"https:\/\/rembrandthoeveamsterdam.nl\/wp-content\/uploads\/2020\/10\/logo-2.png","contentUrl":"https:\/\/rembrandthoeveamsterdam.nl\/wp-content\/uploads\/2020\/10\/logo-2.png","width":222,"height":121,"caption":"The Rembrandt Hoeve"},"image":{"@id":"https:\/\/rembrandthoeveamsterdam.nl\/no\/#\/schema\/logo\/image\/"}}]}},"_links":{"self":[{"href":"https:\/\/rembrandthoeveamsterdam.nl\/no\/wp-json\/wp\/v2\/pages\/2770","targetHints":{"allow":["GET"]}}],"collection":[{"href":"https:\/\/rembrandthoeveamsterdam.nl\/no\/wp-json\/wp\/v2\/pages"}],"about":[{"href":"https:\/\/rembrandthoeveamsterdam.nl\/no\/wp-json\/wp\/v2\/types\/page"}],"author":[{"embeddable":true,"href":"https:\/\/rembrandthoeveamsterdam.nl\/no\/wp-json\/wp\/v2\/users\/1"}],"replies":[{"embeddable":true,"href":"https:\/\/rembrandthoeveamsterdam.nl\/no\/wp-json\/wp\/v2\/comments?post=2770"}],"version-history":[{"count":0,"href":"https:\/\/rembrandthoeveamsterdam.nl\/no\/wp-json\/wp\/v2\/pages\/2770\/revisions"}],"wp:featuredmedia":[{"embeddable":true,"href":"https:\/\/rembrandthoeveamsterdam.nl\/no\/wp-json\/wp\/v2\/media\/2613"}],"wp:attachment":[{"href":"https:\/\/rembrandthoeveamsterdam.nl\/no\/wp-json\/wp\/v2\/media?parent=2770"}],"curies":[{"name":"wp","href":"https:\/\/api.w.org\/{rel}","templated":true}]}}