{"id":2696,"date":"2020-10-21T07:36:29","date_gmt":"2020-10-21T07:36:29","guid":{"rendered":"https:\/\/rembrandthoeve.templ8.nl\/politique-de-confidentialite\/"},"modified":"2020-10-21T07:36:29","modified_gmt":"2020-10-21T07:36:29","slug":"politique-de-confidentialite","status":"publish","type":"page","link":"https:\/\/rembrandthoeveamsterdam.nl\/fr\/politique-de-confidentialite\/","title":{"rendered":"Politique de confidentialit\u00e9"},"content":{"rendered":"<div class=\"elementor-element elementor-element-8aece8d elementor-widget elementor-widget-theme-post-content\" data-id=\"8aece8d\" data-element_type=\"widget\" data-widget_type=\"theme-post-content.default\">\n<div class=\"elementor-widget-container\">\n<p>Ceci est la d\u00e9claration de confidentialit\u00e9 de : The Rembrandt Hoeve situ\u00e9 \u00e0 Amsteldijk Noord 127 NL &#8211; 1183 TJ Amstelveen (Pays-Bas). Pour toute question ou contact, veuillez envoyer un courriel \u00e0  <a href=\"mailto:info@annetransport.nl\"><br \/>\n<\/a><a href=\"mailto:rembrandthoeve@live.nl\">rembrandthoeve@live.nl.<\/a><\/p>\n<h3>Quelles sont les donn\u00e9es personnelles que nous collectons et pourquoi nous les collectons ?<\/h3>\n<h4>Commentaires<\/h4>\n<p>Lorsque les visiteurs laissent des commentaires sur le site, nous recueillons les informations indiqu\u00e9es dans le formulaire de commentaires, l&rsquo;adresse IP du visiteur et l&rsquo;agent utilisateur du navigateur afin de faciliter la d\u00e9tection des spams.<\/p>\n<p>Une cha\u00eene anonymis\u00e9e cr\u00e9\u00e9e \u00e0 partir de votre adresse \u00e9lectronique (\u00e9galement appel\u00e9e \u00ab\u00a0hash\u00a0\u00bb) peut \u00eatre envoy\u00e9e au service Gravatar si vous l&rsquo;utilisez. La page de la politique de confidentialit\u00e9 se trouve ici : https:\/\/automattic.com\/privacy\/. Une fois votre commentaire approuv\u00e9, votre photo de profil sera publiquement visible dans le contexte de votre commentaire.<\/p>\n<h4>M\u00e9dias<\/h4>\n<p>Si vous \u00eates un utilisateur enregistr\u00e9 et que vous t\u00e9l\u00e9chargez des images sur le site, vous devez \u00e9viter de t\u00e9l\u00e9charger des images contenant des donn\u00e9es de localisation GPS EXIF. Les visiteurs du site peuvent t\u00e9l\u00e9charger les images du site et visualiser les donn\u00e9es de localisation.<\/p>\n<h4>Formulaires de contact<\/h4>\n<p>Les coordonn\u00e9es personnelles sont enregistr\u00e9es lorsque le formulaire de contact est rempli. Ces donn\u00e9es sont stock\u00e9es dans notre bo\u00eete aux lettres. Les coordonn\u00e9es personnelles seront conserv\u00e9es pour la fourniture du service. Les coordonn\u00e9es enregistr\u00e9es ne sont pas utilis\u00e9es \u00e0 des fins de marketing.<\/p>\n<h4>Cookies<\/h4>\n<p>Lorsque vous laissez un commentaire sur notre site, vous pouvez indiquer si votre nom, votre adresse \u00e9lectronique et votre site peuvent \u00eatre stock\u00e9s dans un cookie. Nous le faisons pour votre commodit\u00e9 afin que vous n&rsquo;ayez pas \u00e0 saisir \u00e0 nouveau ces informations pour une nouvelle r\u00e9ponse. Ces cookies sont valables pendant un an.<\/p>\n<p>Lorsque vous visitez notre page de connexion, nous stockons un cookie temporaire pour v\u00e9rifier si votre navigateur accepte les cookies. Ce cookie ne contient aucune donn\u00e9e personnelle et est supprim\u00e9 d\u00e8s que vous fermez votre navigateur.<\/p>\n<p>Une fois que vous vous connectez, nous stockons certains cookies en rapport avec vos informations de connexion et vos options d&rsquo;affichage d&rsquo;\u00e9cran. Les cookies de connexion sont valables pendant 2 jours et les cookies pour les options d&rsquo;affichage de l&rsquo;\u00e9cran sont valables pendant 1 an. Si vous s\u00e9lectionnez \u00ab\u00a0Se souvenir de moi\u00a0\u00bb, votre connexion sera sauvegard\u00e9e pendant 2 semaines. D\u00e8s que vous vous d\u00e9connectez de votre compte, les cookies de connexion sont supprim\u00e9s.<\/p>\n<p>Lorsque vous modifiez ou publiez un message, un cookie suppl\u00e9mentaire est stock\u00e9 par votre navigateur. Ce cookie ne contient aucune donn\u00e9e personnelle et ne contient que l&rsquo;identifiant de l&rsquo;article que vous avez modifi\u00e9. Ce cookie expire apr\u00e8s un jour.<\/p>\n<h4>Contenu int\u00e9gr\u00e9 d&rsquo;autres sites<\/h4>\n<p>Les articles de ce site peuvent contenir du contenu int\u00e9gr\u00e9 (embedded) (par exemple, vid\u00e9os, images, messages, etc.). Le contenu int\u00e9gr\u00e9 provenant d&rsquo;autres sites se comporte exactement de la m\u00eame mani\u00e8re que si le visiteur avait visit\u00e9 cet autre site.<\/p>\n<p>Ces sites peuvent collecter des donn\u00e9es vous concernant, utiliser des cookies, int\u00e9grer un suivi suppl\u00e9mentaire par des tiers et surveiller votre interaction avec ce contenu int\u00e9gr\u00e9, notamment en enregistrant votre interaction avec le contenu int\u00e9gr\u00e9 si vous avez un compte et \u00eates connect\u00e9 \u00e0 ce site.<\/p>\n<h4>Journaux de s\u00e9curit\u00e9<\/h4>\n<p>L&rsquo;adresse IP des visiteurs, l&rsquo;ID utilisateur des utilisateurs connect\u00e9s et le nom d&rsquo;utilisateur des tentatives de connexion sont enregistr\u00e9s de mani\u00e8re conditionnelle afin de surveiller les activit\u00e9s malveillantes et de prot\u00e9ger le site contre des types d&rsquo;attaques sp\u00e9cifiques. Parmi les exemples de conditions de connexion figurent les tentatives de connexion, les demandes de d\u00e9connexion, les demandes d&rsquo;URL suspectes, les modifications du contenu du site et les mises \u00e0 jour du mot de passe. Ces informations sont conserv\u00e9es pendant 60 jours.<\/p>\n<h4>Analytique<\/h4>\n<p>Nous nous effor\u00e7ons de rendre l&rsquo;exp\u00e9rience que vous avez de notre site web aussi bonne et optimale que possible. Cela n&rsquo;est possible que si nous savons ce que nos visiteurs font sur le site web. Et ainsi afficher plus de ce qui est aim\u00e9, et moins de ce qui n&rsquo;est pas aim\u00e9.<\/p>\n<p dir=\"ltr\">Objectif : gr\u00e2ce \u00e0 Google Analytics, nous savons comment vous \u00eates arriv\u00e9 sur le site et comment vous l&rsquo;utilisez. Nous utilisons ces statistiques pour am\u00e9liorer continuellement le site web, afin que vous ayez la meilleure exp\u00e9rience possible sur notre site. Ce cookie provient de Google et est stock\u00e9 pendant une dur\u00e9e maximale de 26 mois.<\/p>\n<p dir=\"ltr\">Plus d&rsquo;informations <a href=\"http:\/\/www.google.com\/policies\/privacy\/\" target=\"_blank\" rel=\"noopener noreferrer\">: http:\/\/www.google.com\/policies\/privacy\/<\/a><\/p>\n<h3>Avec qui nous partageons vos donn\u00e9es<\/h3>\n<p>Pour rendre accessibles les informations que vous avez demand\u00e9es, nous collaborons avec des tiers. Pensez \u00e0 un administrateur de site web, \u00e0 un h\u00e9bergeur, \u00e0 une connexion t\u00e9l\u00e9phonique automatique, \u00e0 un syst\u00e8me de newsletter et \u00e0 un logiciel d&rsquo;administration. Un accord dit \u00ab\u00a0de sous-traitance\u00a0\u00bb a \u00e9t\u00e9 conclu avec toutes les parties concern\u00e9es. Cet accord garantit, entre autres, la s\u00e9curit\u00e9 et la suppression en temps utile de vos donn\u00e9es personnelles.<\/p>\n<h3>Combien de temps nous conservons vos donn\u00e9es<\/h3>\n<p>Lorsque vous laissez un commentaire, ce commentaire et ses m\u00e9tadonn\u00e9es sont enregistr\u00e9s pour toujours. De cette fa\u00e7on, nous pouvons reconna\u00eetre et approuver automatiquement les commentaires de suivi au lieu de les mod\u00e9rer.<\/p>\n<p>Pour les utilisateurs qui s&rsquo;inscrivent sur notre site (le cas \u00e9ch\u00e9ant), nous stockons \u00e9galement les informations personnelles qu&rsquo;ils fournissent dans leur profil d&rsquo;utilisateur. Tous les utilisateurs peuvent consulter, modifier ou supprimer leurs informations personnelles \u00e0 tout moment (sauf qu&rsquo;ils ne peuvent pas changer leur nom d&rsquo;utilisateur). Les administrateurs du site peuvent \u00e9galement consulter et modifier ces informations.<\/p>\n<p>Les journaux de s\u00e9curit\u00e9 sont conserv\u00e9s pendant 60 jours.<\/p>\n<h3>Les droits dont vous disposez sur vos donn\u00e9es<\/h3>\n<p>Si vous avez un compte sur ce site ou si vous avez laiss\u00e9 des commentaires, vous pouvez demander un fichier export\u00e9 des informations personnelles que nous d\u00e9tenons \u00e0 votre sujet, y compris toute information que vous nous avez fournie. Vous pouvez \u00e9galement nous demander de supprimer toute information personnelle que nous d\u00e9tenons \u00e0 votre sujet. Cela ne comprend pas les donn\u00e9es que nous sommes tenus de conserver \u00e0 des fins administratives, juridiques ou de s\u00e9curit\u00e9.<\/p>\n<h3>O\u00f9 nous envoyons vos donn\u00e9es<\/h3>\n<p>Ce site est analys\u00e9 par le scanner de sites d&rsquo;iThemes pour d\u00e9tecter les logiciels malveillants et les vuln\u00e9rabilit\u00e9s potentielles. Nous n&rsquo;envoyons pas d&rsquo;informations personnelles au scanner ; toutefois, ce dernier peut trouver des informations personnelles publi\u00e9es publiquement (dans des commentaires, par exemple) au cours de l&rsquo;analyse.<\/p>\n<h3>Informations compl\u00e9mentaires<\/h3>\n<h4>Comment nous prot\u00e9geons vos donn\u00e9es<\/h4>\n<p>Vos donn\u00e9es personnelles sont en s\u00e9curit\u00e9. Les donn\u00e9es confi\u00e9es sont prot\u00e9g\u00e9es par des mesures de s\u00e9curit\u00e9 techniques et administratives visant \u00e0 minimiser le risque de perte, d&rsquo;utilisation abusive, d&rsquo;acc\u00e8s non autoris\u00e9, de divulgation et d&rsquo;alt\u00e9ration. Vous pouvez penser aux pare-feu, au cryptage des donn\u00e9es, aux connexions s\u00e9curis\u00e9es et aux contr\u00f4les d&rsquo;acc\u00e8s physiques et administratifs aux donn\u00e9es et aux serveurs.<\/p>\n<\/div>\n<\/div>\n","protected":false},"excerpt":{"rendered":"<p>Ceci est la d\u00e9claration de confidentialit\u00e9 de : The Rembrandt Hoeve situ\u00e9 \u00e0 Amsteldijk Noord 127 NL &#8211; 1183 TJ Amstelveen (Pays-Bas). Pour toute question ou contact, veuillez envoyer un courriel \u00e0 rembrandthoeve@live.nl. Quelles sont les donn\u00e9es personnelles que nous collectons et pourquoi nous les collectons ? Commentaires Lorsque les visiteurs laissent des commentaires sur [&hellip;]<\/p>\n","protected":false},"author":1,"featured_media":3255,"parent":0,"menu_order":0,"comment_status":"closed","ping_status":"closed","template":"","meta":{"footnotes":""},"class_list":["post-2696","page","type-page","status-publish","has-post-thumbnail","hentry"],"yoast_head":"<!-- This site is optimized with the Yoast SEO plugin v27.4 - https:\/\/yoast.com\/product\/yoast-seo-wordpress\/ -->\n<title>Politique de confidentialit\u00e9 - The Rembrandt Hoeve<\/title>\n<meta name=\"robots\" content=\"noindex, follow\" \/>\n<meta property=\"og:locale\" content=\"fr_FR\" \/>\n<meta property=\"og:type\" content=\"article\" \/>\n<meta property=\"og:title\" content=\"Politique de confidentialit\u00e9 - The Rembrandt Hoeve\" \/>\n<meta property=\"og:description\" content=\"Ceci est la d\u00e9claration de confidentialit\u00e9 de : The Rembrandt Hoeve situ\u00e9 \u00e0 Amsteldijk Noord 127 NL &#8211; 1183 TJ Amstelveen (Pays-Bas). Pour toute question ou contact, veuillez envoyer un courriel \u00e0 rembrandthoeve@live.nl. Quelles sont les donn\u00e9es personnelles que nous collectons et pourquoi nous les collectons ? Commentaires Lorsque les visiteurs laissent des commentaires sur [&hellip;]\" \/>\n<meta property=\"og:url\" content=\"https:\/\/rembrandthoeveamsterdam.nl\/fr\/politique-de-confidentialite\/\" \/>\n<meta property=\"og:site_name\" content=\"The Rembrandt Hoeve\" \/>\n<meta name=\"twitter:card\" content=\"summary_large_image\" \/>\n<meta name=\"twitter:label1\" content=\"Dur\u00e9e de lecture estim\u00e9e\" \/>\n\t<meta name=\"twitter:data1\" content=\"6 minutes\" \/>\n<script type=\"application\/ld+json\" class=\"yoast-schema-graph\">{\"@context\":\"https:\\\/\\\/schema.org\",\"@graph\":[{\"@type\":\"WebPage\",\"@id\":\"https:\\\/\\\/rembrandthoeveamsterdam.nl\\\/fr\\\/politique-de-confidentialite\\\/\",\"url\":\"https:\\\/\\\/rembrandthoeveamsterdam.nl\\\/fr\\\/politique-de-confidentialite\\\/\",\"name\":\"Politique de confidentialit\u00e9 - The Rembrandt Hoeve\",\"isPartOf\":{\"@id\":\"https:\\\/\\\/rembrandthoeveamsterdam.nl\\\/fr\\\/#website\"},\"primaryImageOfPage\":{\"@id\":\"https:\\\/\\\/rembrandthoeveamsterdam.nl\\\/fr\\\/politique-de-confidentialite\\\/#primaryimage\"},\"image\":{\"@id\":\"https:\\\/\\\/rembrandthoeveamsterdam.nl\\\/fr\\\/politique-de-confidentialite\\\/#primaryimage\"},\"thumbnailUrl\":\"https:\\\/\\\/rembrandthoeveamsterdam.nl\\\/wp-content\\\/uploads\\\/2022\\\/07\\\/rudenko-photography-51-e1659012521964.jpg\",\"datePublished\":\"2020-10-21T07:36:29+00:00\",\"breadcrumb\":{\"@id\":\"https:\\\/\\\/rembrandthoeveamsterdam.nl\\\/fr\\\/politique-de-confidentialite\\\/#breadcrumb\"},\"inLanguage\":\"fr-FR\",\"potentialAction\":[{\"@type\":\"ReadAction\",\"target\":[\"https:\\\/\\\/rembrandthoeveamsterdam.nl\\\/fr\\\/politique-de-confidentialite\\\/\"]}]},{\"@type\":\"ImageObject\",\"inLanguage\":\"fr-FR\",\"@id\":\"https:\\\/\\\/rembrandthoeveamsterdam.nl\\\/fr\\\/politique-de-confidentialite\\\/#primaryimage\",\"url\":\"https:\\\/\\\/rembrandthoeveamsterdam.nl\\\/wp-content\\\/uploads\\\/2022\\\/07\\\/rudenko-photography-51-e1659012521964.jpg\",\"contentUrl\":\"https:\\\/\\\/rembrandthoeveamsterdam.nl\\\/wp-content\\\/uploads\\\/2022\\\/07\\\/rudenko-photography-51-e1659012521964.jpg\",\"width\":1600,\"height\":652},{\"@type\":\"BreadcrumbList\",\"@id\":\"https:\\\/\\\/rembrandthoeveamsterdam.nl\\\/fr\\\/politique-de-confidentialite\\\/#breadcrumb\",\"itemListElement\":[{\"@type\":\"ListItem\",\"position\":1,\"name\":\"Home\",\"item\":\"https:\\\/\\\/rembrandthoeveamsterdam.nl\\\/fr\\\/accueil\\\/\"},{\"@type\":\"ListItem\",\"position\":2,\"name\":\"Politique de confidentialit\u00e9\"}]},{\"@type\":\"WebSite\",\"@id\":\"https:\\\/\\\/rembrandthoeveamsterdam.nl\\\/fr\\\/#website\",\"url\":\"https:\\\/\\\/rembrandthoeveamsterdam.nl\\\/fr\\\/\",\"name\":\"The Rembrandt Hoeve\",\"description\":\"Cheesefarm &amp; Clog factory in Amsterdam\",\"publisher\":{\"@id\":\"https:\\\/\\\/rembrandthoeveamsterdam.nl\\\/fr\\\/#organization\"},\"potentialAction\":[{\"@type\":\"SearchAction\",\"target\":{\"@type\":\"EntryPoint\",\"urlTemplate\":\"https:\\\/\\\/rembrandthoeveamsterdam.nl\\\/fr\\\/?s={search_term_string}\"},\"query-input\":{\"@type\":\"PropertyValueSpecification\",\"valueRequired\":true,\"valueName\":\"search_term_string\"}}],\"inLanguage\":\"fr-FR\"},{\"@type\":\"Organization\",\"@id\":\"https:\\\/\\\/rembrandthoeveamsterdam.nl\\\/fr\\\/#organization\",\"name\":\"The Rembrandt Hoeve\",\"url\":\"https:\\\/\\\/rembrandthoeveamsterdam.nl\\\/fr\\\/\",\"logo\":{\"@type\":\"ImageObject\",\"inLanguage\":\"fr-FR\",\"@id\":\"https:\\\/\\\/rembrandthoeveamsterdam.nl\\\/fr\\\/#\\\/schema\\\/logo\\\/image\\\/\",\"url\":\"https:\\\/\\\/rembrandthoeveamsterdam.nl\\\/wp-content\\\/uploads\\\/2020\\\/10\\\/logo-2.png\",\"contentUrl\":\"https:\\\/\\\/rembrandthoeveamsterdam.nl\\\/wp-content\\\/uploads\\\/2020\\\/10\\\/logo-2.png\",\"width\":222,\"height\":121,\"caption\":\"The Rembrandt Hoeve\"},\"image\":{\"@id\":\"https:\\\/\\\/rembrandthoeveamsterdam.nl\\\/fr\\\/#\\\/schema\\\/logo\\\/image\\\/\"}}]}<\/script>\n<!-- \/ Yoast SEO plugin. -->","yoast_head_json":{"title":"Politique de confidentialit\u00e9 - The Rembrandt Hoeve","robots":{"index":"noindex","follow":"follow"},"og_locale":"fr_FR","og_type":"article","og_title":"Politique de confidentialit\u00e9 - The Rembrandt Hoeve","og_description":"Ceci est la d\u00e9claration de confidentialit\u00e9 de : The Rembrandt Hoeve situ\u00e9 \u00e0 Amsteldijk Noord 127 NL &#8211; 1183 TJ Amstelveen (Pays-Bas). Pour toute question ou contact, veuillez envoyer un courriel \u00e0 rembrandthoeve@live.nl. Quelles sont les donn\u00e9es personnelles que nous collectons et pourquoi nous les collectons ? Commentaires Lorsque les visiteurs laissent des commentaires sur [&hellip;]","og_url":"https:\/\/rembrandthoeveamsterdam.nl\/fr\/politique-de-confidentialite\/","og_site_name":"The Rembrandt Hoeve","twitter_card":"summary_large_image","twitter_misc":{"Dur\u00e9e de lecture estim\u00e9e":"6 minutes"},"schema":{"@context":"https:\/\/schema.org","@graph":[{"@type":"WebPage","@id":"https:\/\/rembrandthoeveamsterdam.nl\/fr\/politique-de-confidentialite\/","url":"https:\/\/rembrandthoeveamsterdam.nl\/fr\/politique-de-confidentialite\/","name":"Politique de confidentialit\u00e9 - The Rembrandt Hoeve","isPartOf":{"@id":"https:\/\/rembrandthoeveamsterdam.nl\/fr\/#website"},"primaryImageOfPage":{"@id":"https:\/\/rembrandthoeveamsterdam.nl\/fr\/politique-de-confidentialite\/#primaryimage"},"image":{"@id":"https:\/\/rembrandthoeveamsterdam.nl\/fr\/politique-de-confidentialite\/#primaryimage"},"thumbnailUrl":"https:\/\/rembrandthoeveamsterdam.nl\/wp-content\/uploads\/2022\/07\/rudenko-photography-51-e1659012521964.jpg","datePublished":"2020-10-21T07:36:29+00:00","breadcrumb":{"@id":"https:\/\/rembrandthoeveamsterdam.nl\/fr\/politique-de-confidentialite\/#breadcrumb"},"inLanguage":"fr-FR","potentialAction":[{"@type":"ReadAction","target":["https:\/\/rembrandthoeveamsterdam.nl\/fr\/politique-de-confidentialite\/"]}]},{"@type":"ImageObject","inLanguage":"fr-FR","@id":"https:\/\/rembrandthoeveamsterdam.nl\/fr\/politique-de-confidentialite\/#primaryimage","url":"https:\/\/rembrandthoeveamsterdam.nl\/wp-content\/uploads\/2022\/07\/rudenko-photography-51-e1659012521964.jpg","contentUrl":"https:\/\/rembrandthoeveamsterdam.nl\/wp-content\/uploads\/2022\/07\/rudenko-photography-51-e1659012521964.jpg","width":1600,"height":652},{"@type":"BreadcrumbList","@id":"https:\/\/rembrandthoeveamsterdam.nl\/fr\/politique-de-confidentialite\/#breadcrumb","itemListElement":[{"@type":"ListItem","position":1,"name":"Home","item":"https:\/\/rembrandthoeveamsterdam.nl\/fr\/accueil\/"},{"@type":"ListItem","position":2,"name":"Politique de confidentialit\u00e9"}]},{"@type":"WebSite","@id":"https:\/\/rembrandthoeveamsterdam.nl\/fr\/#website","url":"https:\/\/rembrandthoeveamsterdam.nl\/fr\/","name":"The Rembrandt Hoeve","description":"Cheesefarm &amp; Clog factory in Amsterdam","publisher":{"@id":"https:\/\/rembrandthoeveamsterdam.nl\/fr\/#organization"},"potentialAction":[{"@type":"SearchAction","target":{"@type":"EntryPoint","urlTemplate":"https:\/\/rembrandthoeveamsterdam.nl\/fr\/?s={search_term_string}"},"query-input":{"@type":"PropertyValueSpecification","valueRequired":true,"valueName":"search_term_string"}}],"inLanguage":"fr-FR"},{"@type":"Organization","@id":"https:\/\/rembrandthoeveamsterdam.nl\/fr\/#organization","name":"The Rembrandt Hoeve","url":"https:\/\/rembrandthoeveamsterdam.nl\/fr\/","logo":{"@type":"ImageObject","inLanguage":"fr-FR","@id":"https:\/\/rembrandthoeveamsterdam.nl\/fr\/#\/schema\/logo\/image\/","url":"https:\/\/rembrandthoeveamsterdam.nl\/wp-content\/uploads\/2020\/10\/logo-2.png","contentUrl":"https:\/\/rembrandthoeveamsterdam.nl\/wp-content\/uploads\/2020\/10\/logo-2.png","width":222,"height":121,"caption":"The Rembrandt Hoeve"},"image":{"@id":"https:\/\/rembrandthoeveamsterdam.nl\/fr\/#\/schema\/logo\/image\/"}}]}},"_links":{"self":[{"href":"https:\/\/rembrandthoeveamsterdam.nl\/fr\/wp-json\/wp\/v2\/pages\/2696","targetHints":{"allow":["GET"]}}],"collection":[{"href":"https:\/\/rembrandthoeveamsterdam.nl\/fr\/wp-json\/wp\/v2\/pages"}],"about":[{"href":"https:\/\/rembrandthoeveamsterdam.nl\/fr\/wp-json\/wp\/v2\/types\/page"}],"author":[{"embeddable":true,"href":"https:\/\/rembrandthoeveamsterdam.nl\/fr\/wp-json\/wp\/v2\/users\/1"}],"replies":[{"embeddable":true,"href":"https:\/\/rembrandthoeveamsterdam.nl\/fr\/wp-json\/wp\/v2\/comments?post=2696"}],"version-history":[{"count":0,"href":"https:\/\/rembrandthoeveamsterdam.nl\/fr\/wp-json\/wp\/v2\/pages\/2696\/revisions"}],"wp:featuredmedia":[{"embeddable":true,"href":"https:\/\/rembrandthoeveamsterdam.nl\/fr\/wp-json\/wp\/v2\/media\/3255"}],"wp:attachment":[{"href":"https:\/\/rembrandthoeveamsterdam.nl\/fr\/wp-json\/wp\/v2\/media?parent=2696"}],"curies":[{"name":"wp","href":"https:\/\/api.w.org\/{rel}","templated":true}]}}