{"id":2781,"date":"2022-07-05T14:22:16","date_gmt":"2022-07-05T14:22:16","guid":{"rendered":"https:\/\/rembrandthoeve.templ8.nl\/juust\/"},"modified":"2022-07-28T13:04:12","modified_gmt":"2022-07-28T13:04:12","slug":"juust","status":"publish","type":"page","link":"https:\/\/rembrandthoeveamsterdam.nl\/et\/juust\/","title":{"rendered":"Juust"},"content":{"rendered":"<p>Rembrandthoeve&#8217;is viiakse teid m\u00f5neks ajaks ajas tagasi: kuulsat Hollandi Gouda juustu valmistatakse ikka veel traditsioonilisel viisil. Ringk\u00e4igu ajal n\u00e4itab Roel, miks see juust nii hea maitseb ja miks hollandlased on nii head juustumeistrid! Teid \u00fcllatab see traditsiooniline juustu valmistamise viis, mis ei takista talunik Roelil traditsioonilise tavalise Gouda juustu k\u00f5rvale uusi juustumaitseid luua:<\/p>\n<p>K\u00fc\u00fcslauk ja murulauk, mis sobib suurep\u00e4raselt klaasi veiniga. Pepperoni paprikaarmastajatele. Terve musterdi seemned t\u00fc\u00fcpilise hollandi v\u00f5ileiva jaoks. Suitsujuust singiga, mis sobib ideaalselt koos klaasi \u00f5llega. Ja parim osa on alles ees: Saate maitsta k\u00f5iki erinevaid juustumaitseid, mida saab hiljem osta. Rembrandt Hoeve&#8217;i k\u00fclastuse t\u00e4iuslik l\u00f5pp.<\/p>\n","protected":false},"excerpt":{"rendered":"<p>Rembrandthoeve&#8217;is viiakse teid m\u00f5neks ajaks ajas tagasi: kuulsat Hollandi Gouda juustu valmistatakse ikka veel traditsioonilisel viisil. Ringk\u00e4igu ajal n\u00e4itab Roel, miks see juust nii hea maitseb ja miks hollandlased on nii head juustumeistrid! Teid \u00fcllatab see traditsiooniline juustu valmistamise viis, mis ei takista talunik Roelil traditsioonilise tavalise Gouda juustu k\u00f5rvale uusi juustumaitseid luua: K\u00fc\u00fcslauk ja [&hellip;]<\/p>\n","protected":false},"author":1,"featured_media":2604,"parent":0,"menu_order":0,"comment_status":"closed","ping_status":"closed","template":"","meta":{"footnotes":""},"class_list":["post-2781","page","type-page","status-publish","has-post-thumbnail","hentry"],"yoast_head":"<!-- This site is optimized with the Yoast SEO plugin v27.4 - https:\/\/yoast.com\/product\/yoast-seo-wordpress\/ -->\n<title>Juust - The Rembrandt Hoeve<\/title>\n<meta name=\"robots\" content=\"index, follow, max-snippet:-1, max-image-preview:large, max-video-preview:-1\" \/>\n<link rel=\"canonical\" href=\"https:\/\/rembrandthoeveamsterdam.nl\/et\/juust\/\" \/>\n<meta property=\"og:locale\" content=\"et_EE\" \/>\n<meta property=\"og:type\" content=\"article\" \/>\n<meta property=\"og:title\" content=\"Juust - The Rembrandt Hoeve\" \/>\n<meta property=\"og:description\" content=\"Rembrandthoeve&#8217;is viiakse teid m\u00f5neks ajaks ajas tagasi: kuulsat Hollandi Gouda juustu valmistatakse ikka veel traditsioonilisel viisil. Ringk\u00e4igu ajal n\u00e4itab Roel, miks see juust nii hea maitseb ja miks hollandlased on nii head juustumeistrid! Teid \u00fcllatab see traditsiooniline juustu valmistamise viis, mis ei takista talunik Roelil traditsioonilise tavalise Gouda juustu k\u00f5rvale uusi juustumaitseid luua: K\u00fc\u00fcslauk ja [&hellip;]\" \/>\n<meta property=\"og:url\" content=\"https:\/\/rembrandthoeveamsterdam.nl\/et\/juust\/\" \/>\n<meta property=\"og:site_name\" content=\"The Rembrandt Hoeve\" \/>\n<meta property=\"article:modified_time\" content=\"2022-07-28T13:04:12+00:00\" \/>\n<meta property=\"og:image\" content=\"https:\/\/rembrandthoeveamsterdam.nl\/wp-content\/uploads\/2022\/07\/rudenko-photography-41.jpg\" \/>\n\t<meta property=\"og:image:width\" content=\"1600\" \/>\n\t<meta property=\"og:image:height\" content=\"1200\" \/>\n\t<meta property=\"og:image:type\" content=\"image\/jpeg\" \/>\n<meta name=\"twitter:card\" content=\"summary_large_image\" \/>\n<meta name=\"twitter:label1\" content=\"Est. reading time\" \/>\n\t<meta name=\"twitter:data1\" content=\"1 minut\" \/>\n<script type=\"application\/ld+json\" class=\"yoast-schema-graph\">{\"@context\":\"https:\\\/\\\/schema.org\",\"@graph\":[{\"@type\":\"WebPage\",\"@id\":\"https:\\\/\\\/rembrandthoeveamsterdam.nl\\\/et\\\/juust\\\/\",\"url\":\"https:\\\/\\\/rembrandthoeveamsterdam.nl\\\/et\\\/juust\\\/\",\"name\":\"Juust - The Rembrandt Hoeve\",\"isPartOf\":{\"@id\":\"https:\\\/\\\/rembrandthoeveamsterdam.nl\\\/et\\\/#website\"},\"primaryImageOfPage\":{\"@id\":\"https:\\\/\\\/rembrandthoeveamsterdam.nl\\\/et\\\/juust\\\/#primaryimage\"},\"image\":{\"@id\":\"https:\\\/\\\/rembrandthoeveamsterdam.nl\\\/et\\\/juust\\\/#primaryimage\"},\"thumbnailUrl\":\"https:\\\/\\\/rembrandthoeveamsterdam.nl\\\/wp-content\\\/uploads\\\/2022\\\/07\\\/rudenko-photography-41.jpg\",\"datePublished\":\"2022-07-05T14:22:16+00:00\",\"dateModified\":\"2022-07-28T13:04:12+00:00\",\"breadcrumb\":{\"@id\":\"https:\\\/\\\/rembrandthoeveamsterdam.nl\\\/et\\\/juust\\\/#breadcrumb\"},\"inLanguage\":\"et\",\"potentialAction\":[{\"@type\":\"ReadAction\",\"target\":[\"https:\\\/\\\/rembrandthoeveamsterdam.nl\\\/et\\\/juust\\\/\"]}]},{\"@type\":\"ImageObject\",\"inLanguage\":\"et\",\"@id\":\"https:\\\/\\\/rembrandthoeveamsterdam.nl\\\/et\\\/juust\\\/#primaryimage\",\"url\":\"https:\\\/\\\/rembrandthoeveamsterdam.nl\\\/wp-content\\\/uploads\\\/2022\\\/07\\\/rudenko-photography-41.jpg\",\"contentUrl\":\"https:\\\/\\\/rembrandthoeveamsterdam.nl\\\/wp-content\\\/uploads\\\/2022\\\/07\\\/rudenko-photography-41.jpg\",\"width\":1600,\"height\":1200},{\"@type\":\"BreadcrumbList\",\"@id\":\"https:\\\/\\\/rembrandthoeveamsterdam.nl\\\/et\\\/juust\\\/#breadcrumb\",\"itemListElement\":[{\"@type\":\"ListItem\",\"position\":1,\"name\":\"Home\",\"item\":\"https:\\\/\\\/rembrandthoeveamsterdam.nl\\\/et\\\/kodu\\\/\"},{\"@type\":\"ListItem\",\"position\":2,\"name\":\"Juust\"}]},{\"@type\":\"WebSite\",\"@id\":\"https:\\\/\\\/rembrandthoeveamsterdam.nl\\\/et\\\/#website\",\"url\":\"https:\\\/\\\/rembrandthoeveamsterdam.nl\\\/et\\\/\",\"name\":\"The Rembrandt Hoeve\",\"description\":\"Cheesefarm &amp; Clog factory in Amsterdam\",\"publisher\":{\"@id\":\"https:\\\/\\\/rembrandthoeveamsterdam.nl\\\/et\\\/#organization\"},\"potentialAction\":[{\"@type\":\"SearchAction\",\"target\":{\"@type\":\"EntryPoint\",\"urlTemplate\":\"https:\\\/\\\/rembrandthoeveamsterdam.nl\\\/et\\\/?s={search_term_string}\"},\"query-input\":{\"@type\":\"PropertyValueSpecification\",\"valueRequired\":true,\"valueName\":\"search_term_string\"}}],\"inLanguage\":\"et\"},{\"@type\":\"Organization\",\"@id\":\"https:\\\/\\\/rembrandthoeveamsterdam.nl\\\/et\\\/#organization\",\"name\":\"The Rembrandt Hoeve\",\"url\":\"https:\\\/\\\/rembrandthoeveamsterdam.nl\\\/et\\\/\",\"logo\":{\"@type\":\"ImageObject\",\"inLanguage\":\"et\",\"@id\":\"https:\\\/\\\/rembrandthoeveamsterdam.nl\\\/et\\\/#\\\/schema\\\/logo\\\/image\\\/\",\"url\":\"https:\\\/\\\/rembrandthoeveamsterdam.nl\\\/wp-content\\\/uploads\\\/2020\\\/10\\\/logo-2.png\",\"contentUrl\":\"https:\\\/\\\/rembrandthoeveamsterdam.nl\\\/wp-content\\\/uploads\\\/2020\\\/10\\\/logo-2.png\",\"width\":222,\"height\":121,\"caption\":\"The Rembrandt Hoeve\"},\"image\":{\"@id\":\"https:\\\/\\\/rembrandthoeveamsterdam.nl\\\/et\\\/#\\\/schema\\\/logo\\\/image\\\/\"}}]}<\/script>\n<!-- \/ Yoast SEO plugin. -->","yoast_head_json":{"title":"Juust - The Rembrandt Hoeve","robots":{"index":"index","follow":"follow","max-snippet":"max-snippet:-1","max-image-preview":"max-image-preview:large","max-video-preview":"max-video-preview:-1"},"canonical":"https:\/\/rembrandthoeveamsterdam.nl\/et\/juust\/","og_locale":"et_EE","og_type":"article","og_title":"Juust - The Rembrandt Hoeve","og_description":"Rembrandthoeve&#8217;is viiakse teid m\u00f5neks ajaks ajas tagasi: kuulsat Hollandi Gouda juustu valmistatakse ikka veel traditsioonilisel viisil. Ringk\u00e4igu ajal n\u00e4itab Roel, miks see juust nii hea maitseb ja miks hollandlased on nii head juustumeistrid! Teid \u00fcllatab see traditsiooniline juustu valmistamise viis, mis ei takista talunik Roelil traditsioonilise tavalise Gouda juustu k\u00f5rvale uusi juustumaitseid luua: K\u00fc\u00fcslauk ja [&hellip;]","og_url":"https:\/\/rembrandthoeveamsterdam.nl\/et\/juust\/","og_site_name":"The Rembrandt Hoeve","article_modified_time":"2022-07-28T13:04:12+00:00","og_image":[{"width":1600,"height":1200,"url":"https:\/\/rembrandthoeveamsterdam.nl\/wp-content\/uploads\/2022\/07\/rudenko-photography-41.jpg","type":"image\/jpeg"}],"twitter_card":"summary_large_image","twitter_misc":{"Est. reading time":"1 minut"},"schema":{"@context":"https:\/\/schema.org","@graph":[{"@type":"WebPage","@id":"https:\/\/rembrandthoeveamsterdam.nl\/et\/juust\/","url":"https:\/\/rembrandthoeveamsterdam.nl\/et\/juust\/","name":"Juust - The Rembrandt Hoeve","isPartOf":{"@id":"https:\/\/rembrandthoeveamsterdam.nl\/et\/#website"},"primaryImageOfPage":{"@id":"https:\/\/rembrandthoeveamsterdam.nl\/et\/juust\/#primaryimage"},"image":{"@id":"https:\/\/rembrandthoeveamsterdam.nl\/et\/juust\/#primaryimage"},"thumbnailUrl":"https:\/\/rembrandthoeveamsterdam.nl\/wp-content\/uploads\/2022\/07\/rudenko-photography-41.jpg","datePublished":"2022-07-05T14:22:16+00:00","dateModified":"2022-07-28T13:04:12+00:00","breadcrumb":{"@id":"https:\/\/rembrandthoeveamsterdam.nl\/et\/juust\/#breadcrumb"},"inLanguage":"et","potentialAction":[{"@type":"ReadAction","target":["https:\/\/rembrandthoeveamsterdam.nl\/et\/juust\/"]}]},{"@type":"ImageObject","inLanguage":"et","@id":"https:\/\/rembrandthoeveamsterdam.nl\/et\/juust\/#primaryimage","url":"https:\/\/rembrandthoeveamsterdam.nl\/wp-content\/uploads\/2022\/07\/rudenko-photography-41.jpg","contentUrl":"https:\/\/rembrandthoeveamsterdam.nl\/wp-content\/uploads\/2022\/07\/rudenko-photography-41.jpg","width":1600,"height":1200},{"@type":"BreadcrumbList","@id":"https:\/\/rembrandthoeveamsterdam.nl\/et\/juust\/#breadcrumb","itemListElement":[{"@type":"ListItem","position":1,"name":"Home","item":"https:\/\/rembrandthoeveamsterdam.nl\/et\/kodu\/"},{"@type":"ListItem","position":2,"name":"Juust"}]},{"@type":"WebSite","@id":"https:\/\/rembrandthoeveamsterdam.nl\/et\/#website","url":"https:\/\/rembrandthoeveamsterdam.nl\/et\/","name":"The Rembrandt Hoeve","description":"Cheesefarm &amp; Clog factory in Amsterdam","publisher":{"@id":"https:\/\/rembrandthoeveamsterdam.nl\/et\/#organization"},"potentialAction":[{"@type":"SearchAction","target":{"@type":"EntryPoint","urlTemplate":"https:\/\/rembrandthoeveamsterdam.nl\/et\/?s={search_term_string}"},"query-input":{"@type":"PropertyValueSpecification","valueRequired":true,"valueName":"search_term_string"}}],"inLanguage":"et"},{"@type":"Organization","@id":"https:\/\/rembrandthoeveamsterdam.nl\/et\/#organization","name":"The Rembrandt Hoeve","url":"https:\/\/rembrandthoeveamsterdam.nl\/et\/","logo":{"@type":"ImageObject","inLanguage":"et","@id":"https:\/\/rembrandthoeveamsterdam.nl\/et\/#\/schema\/logo\/image\/","url":"https:\/\/rembrandthoeveamsterdam.nl\/wp-content\/uploads\/2020\/10\/logo-2.png","contentUrl":"https:\/\/rembrandthoeveamsterdam.nl\/wp-content\/uploads\/2020\/10\/logo-2.png","width":222,"height":121,"caption":"The Rembrandt Hoeve"},"image":{"@id":"https:\/\/rembrandthoeveamsterdam.nl\/et\/#\/schema\/logo\/image\/"}}]}},"_links":{"self":[{"href":"https:\/\/rembrandthoeveamsterdam.nl\/et\/wp-json\/wp\/v2\/pages\/2781","targetHints":{"allow":["GET"]}}],"collection":[{"href":"https:\/\/rembrandthoeveamsterdam.nl\/et\/wp-json\/wp\/v2\/pages"}],"about":[{"href":"https:\/\/rembrandthoeveamsterdam.nl\/et\/wp-json\/wp\/v2\/types\/page"}],"author":[{"embeddable":true,"href":"https:\/\/rembrandthoeveamsterdam.nl\/et\/wp-json\/wp\/v2\/users\/1"}],"replies":[{"embeddable":true,"href":"https:\/\/rembrandthoeveamsterdam.nl\/et\/wp-json\/wp\/v2\/comments?post=2781"}],"version-history":[{"count":0,"href":"https:\/\/rembrandthoeveamsterdam.nl\/et\/wp-json\/wp\/v2\/pages\/2781\/revisions"}],"wp:featuredmedia":[{"embeddable":true,"href":"https:\/\/rembrandthoeveamsterdam.nl\/et\/wp-json\/wp\/v2\/media\/2604"}],"wp:attachment":[{"href":"https:\/\/rembrandthoeveamsterdam.nl\/et\/wp-json\/wp\/v2\/media?parent=2781"}],"curies":[{"name":"wp","href":"https:\/\/api.w.org\/{rel}","templated":true}]}}