{"id":2765,"date":"2022-07-05T14:22:26","date_gmt":"2022-07-05T14:22:26","guid":{"rendered":"https:\/\/rembrandthoeve.templ8.nl\/klotsid-puidust-kingad\/"},"modified":"2022-07-28T12:54:57","modified_gmt":"2022-07-28T12:54:57","slug":"klotsid-puidust-kingad","status":"publish","type":"page","link":"https:\/\/rembrandthoeveamsterdam.nl\/et\/klotsid-puidust-kingad\/","title":{"rendered":"Klotsid\/puidust kingad"},"content":{"rendered":"<p>Osavad k\u00e4ed l\u00f5ikasid puuklotsist vanad Hollandi puukingad: nagu vanasti. Kas soovite proovida paari puukingi? See on osa meie traditsioonist. Pood pakub teile laia valikut puidust kingi: alates p\u00f5hilistest kuni v\u00e4ga v\u00e4rviliste kingadeni, igale maitsele on meil olemas \u00f5ige v\u00e4rv ja disain. Kui otsite midagi erilist: me v\u00f5ime graveerida teie nime teie enda puidust kinga, teid \u00fcllatab!<\/p>\n","protected":false},"excerpt":{"rendered":"<p>Osavad k\u00e4ed l\u00f5ikasid puuklotsist vanad Hollandi puukingad: nagu vanasti. Kas soovite proovida paari puukingi? See on osa meie traditsioonist. Pood pakub teile laia valikut puidust kingi: alates p\u00f5hilistest kuni v\u00e4ga v\u00e4rviliste kingadeni, igale maitsele on meil olemas \u00f5ige v\u00e4rv ja disain. Kui otsite midagi erilist: me v\u00f5ime graveerida teie nime teie enda puidust kinga, teid [&hellip;]<\/p>\n","protected":false},"author":1,"featured_media":2460,"parent":0,"menu_order":0,"comment_status":"closed","ping_status":"closed","template":"","meta":{"footnotes":""},"class_list":["post-2765","page","type-page","status-publish","has-post-thumbnail","hentry"],"yoast_head":"<!-- This site is optimized with the Yoast SEO plugin v27.6 - https:\/\/yoast.com\/product\/yoast-seo-wordpress\/ -->\n<title>Klotsid\/puidust kingad - The Rembrandt Hoeve<\/title>\n<meta name=\"robots\" content=\"index, follow, max-snippet:-1, max-image-preview:large, max-video-preview:-1\" \/>\n<link rel=\"canonical\" href=\"https:\/\/rembrandthoeveamsterdam.nl\/et\/klotsid-puidust-kingad\/\" \/>\n<meta property=\"og:locale\" content=\"et_EE\" \/>\n<meta property=\"og:type\" content=\"article\" \/>\n<meta property=\"og:title\" content=\"Klotsid\/puidust kingad - The Rembrandt Hoeve\" \/>\n<meta property=\"og:description\" content=\"Osavad k\u00e4ed l\u00f5ikasid puuklotsist vanad Hollandi puukingad: nagu vanasti. Kas soovite proovida paari puukingi? See on osa meie traditsioonist. Pood pakub teile laia valikut puidust kingi: alates p\u00f5hilistest kuni v\u00e4ga v\u00e4rviliste kingadeni, igale maitsele on meil olemas \u00f5ige v\u00e4rv ja disain. Kui otsite midagi erilist: me v\u00f5ime graveerida teie nime teie enda puidust kinga, teid [&hellip;]\" \/>\n<meta property=\"og:url\" content=\"https:\/\/rembrandthoeveamsterdam.nl\/et\/klotsid-puidust-kingad\/\" \/>\n<meta property=\"og:site_name\" content=\"The Rembrandt Hoeve\" \/>\n<meta property=\"article:modified_time\" content=\"2022-07-28T12:54:57+00:00\" \/>\n<meta property=\"og:image\" content=\"https:\/\/rembrandthoeveamsterdam.nl\/wp-content\/uploads\/2022\/06\/rudenko-photography-34.jpg\" \/>\n\t<meta property=\"og:image:width\" content=\"1600\" \/>\n\t<meta property=\"og:image:height\" content=\"1200\" \/>\n\t<meta property=\"og:image:type\" content=\"image\/jpeg\" \/>\n<meta name=\"twitter:card\" content=\"summary_large_image\" \/>\n<meta name=\"twitter:label1\" content=\"Est. reading time\" \/>\n\t<meta name=\"twitter:data1\" content=\"1 minut\" \/>\n<script type=\"application\/ld+json\" class=\"yoast-schema-graph\">{\"@context\":\"https:\\\/\\\/schema.org\",\"@graph\":[{\"@type\":\"WebPage\",\"@id\":\"https:\\\/\\\/rembrandthoeveamsterdam.nl\\\/et\\\/klotsid-puidust-kingad\\\/\",\"url\":\"https:\\\/\\\/rembrandthoeveamsterdam.nl\\\/et\\\/klotsid-puidust-kingad\\\/\",\"name\":\"Klotsid\\\/puidust kingad - The Rembrandt Hoeve\",\"isPartOf\":{\"@id\":\"https:\\\/\\\/rembrandthoeveamsterdam.nl\\\/et\\\/#website\"},\"primaryImageOfPage\":{\"@id\":\"https:\\\/\\\/rembrandthoeveamsterdam.nl\\\/et\\\/klotsid-puidust-kingad\\\/#primaryimage\"},\"image\":{\"@id\":\"https:\\\/\\\/rembrandthoeveamsterdam.nl\\\/et\\\/klotsid-puidust-kingad\\\/#primaryimage\"},\"thumbnailUrl\":\"https:\\\/\\\/rembrandthoeveamsterdam.nl\\\/wp-content\\\/uploads\\\/2022\\\/06\\\/rudenko-photography-34.jpg\",\"datePublished\":\"2022-07-05T14:22:26+00:00\",\"dateModified\":\"2022-07-28T12:54:57+00:00\",\"breadcrumb\":{\"@id\":\"https:\\\/\\\/rembrandthoeveamsterdam.nl\\\/et\\\/klotsid-puidust-kingad\\\/#breadcrumb\"},\"inLanguage\":\"et\",\"potentialAction\":[{\"@type\":\"ReadAction\",\"target\":[\"https:\\\/\\\/rembrandthoeveamsterdam.nl\\\/et\\\/klotsid-puidust-kingad\\\/\"]}]},{\"@type\":\"ImageObject\",\"inLanguage\":\"et\",\"@id\":\"https:\\\/\\\/rembrandthoeveamsterdam.nl\\\/et\\\/klotsid-puidust-kingad\\\/#primaryimage\",\"url\":\"https:\\\/\\\/rembrandthoeveamsterdam.nl\\\/wp-content\\\/uploads\\\/2022\\\/06\\\/rudenko-photography-34.jpg\",\"contentUrl\":\"https:\\\/\\\/rembrandthoeveamsterdam.nl\\\/wp-content\\\/uploads\\\/2022\\\/06\\\/rudenko-photography-34.jpg\",\"width\":1600,\"height\":1200},{\"@type\":\"BreadcrumbList\",\"@id\":\"https:\\\/\\\/rembrandthoeveamsterdam.nl\\\/et\\\/klotsid-puidust-kingad\\\/#breadcrumb\",\"itemListElement\":[{\"@type\":\"ListItem\",\"position\":1,\"name\":\"Home\",\"item\":\"https:\\\/\\\/rembrandthoeveamsterdam.nl\\\/et\\\/kodu\\\/\"},{\"@type\":\"ListItem\",\"position\":2,\"name\":\"Klotsid\\\/puidust kingad\"}]},{\"@type\":\"WebSite\",\"@id\":\"https:\\\/\\\/rembrandthoeveamsterdam.nl\\\/et\\\/#website\",\"url\":\"https:\\\/\\\/rembrandthoeveamsterdam.nl\\\/et\\\/\",\"name\":\"The Rembrandt Hoeve\",\"description\":\"Cheesefarm &amp; Clog factory in Amsterdam\",\"publisher\":{\"@id\":\"https:\\\/\\\/rembrandthoeveamsterdam.nl\\\/et\\\/#organization\"},\"potentialAction\":[{\"@type\":\"SearchAction\",\"target\":{\"@type\":\"EntryPoint\",\"urlTemplate\":\"https:\\\/\\\/rembrandthoeveamsterdam.nl\\\/et\\\/?s={search_term_string}\"},\"query-input\":{\"@type\":\"PropertyValueSpecification\",\"valueRequired\":true,\"valueName\":\"search_term_string\"}}],\"inLanguage\":\"et\"},{\"@type\":\"Organization\",\"@id\":\"https:\\\/\\\/rembrandthoeveamsterdam.nl\\\/et\\\/#organization\",\"name\":\"The Rembrandt Hoeve\",\"url\":\"https:\\\/\\\/rembrandthoeveamsterdam.nl\\\/et\\\/\",\"logo\":{\"@type\":\"ImageObject\",\"inLanguage\":\"et\",\"@id\":\"https:\\\/\\\/rembrandthoeveamsterdam.nl\\\/et\\\/#\\\/schema\\\/logo\\\/image\\\/\",\"url\":\"https:\\\/\\\/rembrandthoeveamsterdam.nl\\\/wp-content\\\/uploads\\\/2020\\\/10\\\/logo-2.png\",\"contentUrl\":\"https:\\\/\\\/rembrandthoeveamsterdam.nl\\\/wp-content\\\/uploads\\\/2020\\\/10\\\/logo-2.png\",\"width\":222,\"height\":121,\"caption\":\"The Rembrandt Hoeve\"},\"image\":{\"@id\":\"https:\\\/\\\/rembrandthoeveamsterdam.nl\\\/et\\\/#\\\/schema\\\/logo\\\/image\\\/\"}}]}<\/script>\n<!-- \/ Yoast SEO plugin. -->","yoast_head_json":{"title":"Klotsid\/puidust kingad - The Rembrandt Hoeve","robots":{"index":"index","follow":"follow","max-snippet":"max-snippet:-1","max-image-preview":"max-image-preview:large","max-video-preview":"max-video-preview:-1"},"canonical":"https:\/\/rembrandthoeveamsterdam.nl\/et\/klotsid-puidust-kingad\/","og_locale":"et_EE","og_type":"article","og_title":"Klotsid\/puidust kingad - The Rembrandt Hoeve","og_description":"Osavad k\u00e4ed l\u00f5ikasid puuklotsist vanad Hollandi puukingad: nagu vanasti. Kas soovite proovida paari puukingi? See on osa meie traditsioonist. Pood pakub teile laia valikut puidust kingi: alates p\u00f5hilistest kuni v\u00e4ga v\u00e4rviliste kingadeni, igale maitsele on meil olemas \u00f5ige v\u00e4rv ja disain. Kui otsite midagi erilist: me v\u00f5ime graveerida teie nime teie enda puidust kinga, teid [&hellip;]","og_url":"https:\/\/rembrandthoeveamsterdam.nl\/et\/klotsid-puidust-kingad\/","og_site_name":"The Rembrandt Hoeve","article_modified_time":"2022-07-28T12:54:57+00:00","og_image":[{"width":1600,"height":1200,"url":"https:\/\/rembrandthoeveamsterdam.nl\/wp-content\/uploads\/2022\/06\/rudenko-photography-34.jpg","type":"image\/jpeg"}],"twitter_card":"summary_large_image","twitter_misc":{"Est. reading time":"1 minut"},"schema":{"@context":"https:\/\/schema.org","@graph":[{"@type":"WebPage","@id":"https:\/\/rembrandthoeveamsterdam.nl\/et\/klotsid-puidust-kingad\/","url":"https:\/\/rembrandthoeveamsterdam.nl\/et\/klotsid-puidust-kingad\/","name":"Klotsid\/puidust kingad - The Rembrandt Hoeve","isPartOf":{"@id":"https:\/\/rembrandthoeveamsterdam.nl\/et\/#website"},"primaryImageOfPage":{"@id":"https:\/\/rembrandthoeveamsterdam.nl\/et\/klotsid-puidust-kingad\/#primaryimage"},"image":{"@id":"https:\/\/rembrandthoeveamsterdam.nl\/et\/klotsid-puidust-kingad\/#primaryimage"},"thumbnailUrl":"https:\/\/rembrandthoeveamsterdam.nl\/wp-content\/uploads\/2022\/06\/rudenko-photography-34.jpg","datePublished":"2022-07-05T14:22:26+00:00","dateModified":"2022-07-28T12:54:57+00:00","breadcrumb":{"@id":"https:\/\/rembrandthoeveamsterdam.nl\/et\/klotsid-puidust-kingad\/#breadcrumb"},"inLanguage":"et","potentialAction":[{"@type":"ReadAction","target":["https:\/\/rembrandthoeveamsterdam.nl\/et\/klotsid-puidust-kingad\/"]}]},{"@type":"ImageObject","inLanguage":"et","@id":"https:\/\/rembrandthoeveamsterdam.nl\/et\/klotsid-puidust-kingad\/#primaryimage","url":"https:\/\/rembrandthoeveamsterdam.nl\/wp-content\/uploads\/2022\/06\/rudenko-photography-34.jpg","contentUrl":"https:\/\/rembrandthoeveamsterdam.nl\/wp-content\/uploads\/2022\/06\/rudenko-photography-34.jpg","width":1600,"height":1200},{"@type":"BreadcrumbList","@id":"https:\/\/rembrandthoeveamsterdam.nl\/et\/klotsid-puidust-kingad\/#breadcrumb","itemListElement":[{"@type":"ListItem","position":1,"name":"Home","item":"https:\/\/rembrandthoeveamsterdam.nl\/et\/kodu\/"},{"@type":"ListItem","position":2,"name":"Klotsid\/puidust kingad"}]},{"@type":"WebSite","@id":"https:\/\/rembrandthoeveamsterdam.nl\/et\/#website","url":"https:\/\/rembrandthoeveamsterdam.nl\/et\/","name":"The Rembrandt Hoeve","description":"Cheesefarm &amp; Clog factory in Amsterdam","publisher":{"@id":"https:\/\/rembrandthoeveamsterdam.nl\/et\/#organization"},"potentialAction":[{"@type":"SearchAction","target":{"@type":"EntryPoint","urlTemplate":"https:\/\/rembrandthoeveamsterdam.nl\/et\/?s={search_term_string}"},"query-input":{"@type":"PropertyValueSpecification","valueRequired":true,"valueName":"search_term_string"}}],"inLanguage":"et"},{"@type":"Organization","@id":"https:\/\/rembrandthoeveamsterdam.nl\/et\/#organization","name":"The Rembrandt Hoeve","url":"https:\/\/rembrandthoeveamsterdam.nl\/et\/","logo":{"@type":"ImageObject","inLanguage":"et","@id":"https:\/\/rembrandthoeveamsterdam.nl\/et\/#\/schema\/logo\/image\/","url":"https:\/\/rembrandthoeveamsterdam.nl\/wp-content\/uploads\/2020\/10\/logo-2.png","contentUrl":"https:\/\/rembrandthoeveamsterdam.nl\/wp-content\/uploads\/2020\/10\/logo-2.png","width":222,"height":121,"caption":"The Rembrandt Hoeve"},"image":{"@id":"https:\/\/rembrandthoeveamsterdam.nl\/et\/#\/schema\/logo\/image\/"}}]}},"_links":{"self":[{"href":"https:\/\/rembrandthoeveamsterdam.nl\/et\/wp-json\/wp\/v2\/pages\/2765","targetHints":{"allow":["GET"]}}],"collection":[{"href":"https:\/\/rembrandthoeveamsterdam.nl\/et\/wp-json\/wp\/v2\/pages"}],"about":[{"href":"https:\/\/rembrandthoeveamsterdam.nl\/et\/wp-json\/wp\/v2\/types\/page"}],"author":[{"embeddable":true,"href":"https:\/\/rembrandthoeveamsterdam.nl\/et\/wp-json\/wp\/v2\/users\/1"}],"replies":[{"embeddable":true,"href":"https:\/\/rembrandthoeveamsterdam.nl\/et\/wp-json\/wp\/v2\/comments?post=2765"}],"version-history":[{"count":0,"href":"https:\/\/rembrandthoeveamsterdam.nl\/et\/wp-json\/wp\/v2\/pages\/2765\/revisions"}],"wp:featuredmedia":[{"embeddable":true,"href":"https:\/\/rembrandthoeveamsterdam.nl\/et\/wp-json\/wp\/v2\/media\/2460"}],"wp:attachment":[{"href":"https:\/\/rembrandthoeveamsterdam.nl\/et\/wp-json\/wp\/v2\/media?parent=2765"}],"curies":[{"name":"wp","href":"https:\/\/api.w.org\/{rel}","templated":true}]}}