{"id":2695,"date":"2020-10-21T07:36:29","date_gmt":"2020-10-21T07:36:29","guid":{"rendered":"https:\/\/rembrandthoeve.templ8.nl\/privaatsuspoliitika\/"},"modified":"2020-10-21T07:36:29","modified_gmt":"2020-10-21T07:36:29","slug":"privaatsuspoliitika","status":"publish","type":"page","link":"https:\/\/rembrandthoeveamsterdam.nl\/et\/privaatsuspoliitika\/","title":{"rendered":"Privaatsuspoliitika"},"content":{"rendered":"<div class=\"elementor-element elementor-element-8aece8d elementor-widget elementor-widget-theme-post-content\" data-id=\"8aece8d\" data-element_type=\"widget\" data-widget_type=\"theme-post-content.default\">\n<div class=\"elementor-widget-container\">\n<p>See on privaatsusavalduse: Rembrandt Hoeve, mis asub aadressil Amsteldijk Noord 127 NL &#8211; 1183 TJ Amstelveen (Madalmaad). K\u00fcsimuste v\u00f5i kontaktide korral saatke palun e-kiri  <a href=\"mailto:info@annetransport.nl\"><br \/>\n<\/a><a href=\"mailto:rembrandthoeve@live.nl\">rembrandthoeve@live.nl<\/a>.<\/p>\n<h3>Milliseid isikuandmeid me kogume ja miks me neid kogume<\/h3>\n<h4>Kommentaarid<\/h4>\n<p>Kui k\u00fclastajad j\u00e4tavad saidile kommentaare, kogume r\u00e4mpsposti tuvastamise h\u00f5lbustamiseks kommentaari vormis n\u00e4idatud teavet, k\u00fclastaja IP-aadressi ja brauseri kasutajaagendi.<\/p>\n<p>Gravatari teenusele saab saata teie e-posti aadressist loodud anon\u00fc\u00fcmse stringi (mida nimetatakse ka hashiks), kui te seda kasutate. Privaatsuspoliitika lehe leiab siit: https:\/\/automattic.com\/privacy\/. P\u00e4rast teie kommentaari kinnitamist on teie profiilipilt avalikult n\u00e4htav teie kommentaari kontekstis.<\/p>\n<h4>Meedia<\/h4>\n<p>Kui olete registreeritud kasutaja ja laadite veebilehele pilte \u00fcles, peaksite v\u00e4ltima EXIF GPS-positsioneerimisandmeid sisaldavate piltide \u00fcleslaadimist. Veebisaidi k\u00fclastajad saavad veebilehelt pilte alla laadida ja vaadata asukohaandmeid.<\/p>\n<h4>Kontaktvormid<\/h4>\n<p>Isiklikud kontaktandmed salvestatakse kontaktvormi t\u00e4itmisel. Neid andmeid hoitakse meie postkastis. Isiklikud kontaktandmed s\u00e4ilitatakse teenuse osutamiseks. Salvestatud kontaktandmeid ei kasutata turunduslikel eesm\u00e4rkidel.<\/p>\n<h4>K\u00fcpsised<\/h4>\n<p>Kui j\u00e4tate meie veebisaidil kommentaari, saate m\u00e4rkida, kas teie nimi, e-posti aadress ja veebisait v\u00f5idakse salvestada k\u00fcpsisesse. Teeme seda teie mugavuse huvides, et te ei peaks seda teavet uuesti sisestama uue vastuse saamiseks. Need k\u00fcpsised kehtivad \u00fcks aasta.<\/p>\n<p>Kui k\u00fclastate meie sisselogimislehte, salvestame ajutise k\u00fcpsise, et kontrollida, kas teie brauser aktsepteerib k\u00fcpsiseid. See k\u00fcpsis ei sisalda isikuandmeid ja see kustutatakse kohe, kui sulgete oma brauseri.<\/p>\n<p>Kui olete sisse loginud, salvestame m\u00f5ned k\u00fcpsised seoses teie sisselogimise teabe ja ekraani kuvamise valikutega. Sisselogimisk\u00fcpsised kehtivad 2 p\u00e4eva ja ekraani kuvamisv\u00f5imaluste k\u00fcpsised 1 aasta. Kui valite &#8220;M\u00e4leta mind&#8221;, salvestatakse teie sisselogimine 2 n\u00e4dalaks. Niipea, kui logite oma kontost v\u00e4lja, eemaldatakse sisselogimisk\u00fcpsised.<\/p>\n<p>Kui te s\u00f5numit redigeerite v\u00f5i avaldate, salvestab teie brauser t\u00e4iendava k\u00fcpsise. See k\u00fcpsis ei sisalda isikuandmeid ja sisaldab ainult teie poolt redigeeritud artikli postituse ID-d. See k\u00fcpsis aegub \u00fche p\u00e4eva p\u00e4rast.<\/p>\n<h4>Sisseehitatud sisu teistelt saitidelt<\/h4>\n<p>Selle saidi postitused v\u00f5ivad sisaldada varjatud (varjatud) sisu (n\u00e4iteks videod, pildid, s\u00f5numid jne). Teiste saitide sisseehitatud sisu k\u00e4itub t\u00e4pselt samamoodi, nagu oleks k\u00fclastaja k\u00fclastanud seda teist saiti.<\/p>\n<p>Need saidid v\u00f5ivad koguda teie kohta andmeid, kasutada k\u00fcpsiseid, varjata t\u00e4iendavat kolmanda osapoole j\u00e4lgimist ja j\u00e4lgida teie suhtlemist selle varjatud sisuga, sealhulgas salvestada teie suhtlemist varjatud sisuga, kui teil on konto ja olete sellele saidile sisse logitud.<\/p>\n<h4>Turvalogid<\/h4>\n<p>K\u00fclastajate IP-aadressid, sisselogitud kasutajate kasutajatunnused ja sisselogimiskatsete kasutajanimed salvestatakse tingimuslikult, et j\u00e4lgida pahatahtlikku tegevust ja kaitsta saiti teatud t\u00fc\u00fcpi r\u00fcnnakute eest. Sisselogimise tingimuste n\u00e4ideteks on sisselogimiskatsed, v\u00e4ljumisavaldused, kahtlaste URL-ide taotlused, saidi sisu muutmine ja paroolide uuendamine. Seda teavet s\u00e4ilitatakse 60 p\u00e4eva.<\/p>\n<h4>Anal\u00fc\u00fctika<\/h4>\n<p>Me p\u00fc\u00fcame muuta teie kasutuskogemuse meie veebisaidil v\u00f5imalikult heaks ja optimaalseks. See on v\u00f5imalik ainult siis, kui me teame, mida meie k\u00fclastajad veebilehel teevad. Ja seel\u00e4bi postitada rohkem seda, mis meeldib, ja v\u00e4hem seda, mis ei meeldi.<\/p>\n<p dir=\"ltr\">Eesm\u00e4rk: Google Analyticsi kaudu teame, kuidas te veebilehele tulite ja kuidas te veebilehte kasutate. Me kasutame seda statistikat veebilehe pidevaks t\u00e4iustamiseks, et teil oleks meie veebilehel parim v\u00f5imalik kasutuskogemus. See k\u00fcpsis p\u00e4rineb Google&#8217;ilt ja seda s\u00e4ilitatakse maksimaalselt 26 kuud.<\/p>\n<p dir=\"ltr\">Lisateave: <a href=\"http:\/\/www.google.com\/policies\/privacy\/\" target=\"_blank\" rel=\"noopener noreferrer\">http:\/\/www.google.com\/policies\/privacy\/<\/a><\/p>\n<h3>Kellega me teie andmeid jagame<\/h3>\n<p>Selleks, et teie soovitud teave oleks k\u00e4ttesaadav, teeme koost\u00f6\u00f6d kolmandate osapooltega. M\u00f5elge veebilehe administraatorile, hostingupartnerile, automaatsele telefoni\u00fchendusele, uudiskirjas\u00fcsteemile ja haldustarkvarale. K\u00f5igi asjaomaste osapooltega on s\u00f5lmitud nn t\u00f6\u00f6tleja leping. See leping tagab muu hulgas teie isikuandmete turvalisuse ja \u00f5igeaegse kustutamise.<\/p>\n<h3>Kui kaua me teie andmeid s\u00e4ilitame<\/h3>\n<p>Kui j\u00e4tate kommentaari, salvestatakse see kommentaar ja selle kommentaari metaandmed igaveseks. Nii saame automaatselt \u00e4ra tunda ja heaks kiita j\u00e4relkommentaarid, selle asemel, et neid modereerida.<\/p>\n<p>Kasutajate puhul, kes registreeruvad meie veebisaidil (kui neid on), salvestame ka nende poolt esitatud isikuandmeid nende kasutajaprofiilis. K\u00f5ik kasutajad saavad igal ajal vaadata, muuta v\u00f5i kustutada oma isikuandmeid (v\u00e4lja arvatud kasutajanime ei saa nad muuta). Seda teavet saavad vaadata ja muuta ka saidi administraatorid.<\/p>\n<p>Turvalogisid s\u00e4ilitatakse 60 p\u00e4eva.<\/p>\n<h3>Millised \u00f5igused teil on oma andmete suhtes<\/h3>\n<p>Kui teil on sellel veebisaidil konto v\u00f5i olete j\u00e4tnud kommentaare, v\u00f5ite taotleda eksporditud faili teie kohta hoitavatest isikuandmetest, sealhulgas teie poolt meile esitatud teabest. Samuti v\u00f5ite taotleda, et me kustutaksime teie kohta k\u00e4ivad isikuandmed. See ei h\u00f5lma andmeid, mida me peame s\u00e4ilitama haldus-, \u00f5igus- v\u00f5i julgeolekueesm\u00e4rkidel.<\/p>\n<h3>Kuhu me teie andmed saadame<\/h3>\n<p>See sait on iThemes Site scanneriga v\u00f5imaliku pahavara ja haavatavuste suhtes skaneeritud. Me ei saada skannerile mingeid isikuandmeid; siiski v\u00f5ib skanner skaneerimise k\u00e4igus leida avalikult (n\u00e4iteks kommentaarides) avaldatud isikuandmeid.<\/p>\n<h3>T\u00e4iendav teave<\/h3>\n<h4>Kuidas me teie andmeid kaitseme<\/h4>\n<p>Teie isikuandmed on turvalised. Usaldatud andmeid kaitstakse tehniliste ja haldusalaste turvameetmetega, et minimeerida kadumise, v\u00e4\u00e4rkasutuse, volitamata juurdep\u00e4\u00e4su, avalikustamise ja muutmise ohtu. V\u00f5ite m\u00f5elda tulem\u00fc\u00fcridele, andmete kr\u00fcpteerimisele, turvalistele \u00fchendustele ning f\u00fc\u00fcsilise ja haldusliku juurdep\u00e4\u00e4su kontrollile andmetele ja serveritele.<\/p>\n<\/div>\n<\/div>\n","protected":false},"excerpt":{"rendered":"<p>See on privaatsusavalduse: Rembrandt Hoeve, mis asub aadressil Amsteldijk Noord 127 NL &#8211; 1183 TJ Amstelveen (Madalmaad). K\u00fcsimuste v\u00f5i kontaktide korral saatke palun e-kiri rembrandthoeve@live.nl. Milliseid isikuandmeid me kogume ja miks me neid kogume Kommentaarid Kui k\u00fclastajad j\u00e4tavad saidile kommentaare, kogume r\u00e4mpsposti tuvastamise h\u00f5lbustamiseks kommentaari vormis n\u00e4idatud teavet, k\u00fclastaja IP-aadressi ja brauseri kasutajaagendi. Gravatari teenusele [&hellip;]<\/p>\n","protected":false},"author":1,"featured_media":3255,"parent":0,"menu_order":0,"comment_status":"closed","ping_status":"closed","template":"","meta":{"footnotes":""},"class_list":["post-2695","page","type-page","status-publish","has-post-thumbnail","hentry"],"yoast_head":"<!-- This site is optimized with the Yoast SEO plugin v27.4 - https:\/\/yoast.com\/product\/yoast-seo-wordpress\/ -->\n<title>Privaatsuspoliitika - The Rembrandt Hoeve<\/title>\n<meta name=\"robots\" content=\"noindex, follow\" \/>\n<meta property=\"og:locale\" content=\"et_EE\" \/>\n<meta property=\"og:type\" content=\"article\" \/>\n<meta property=\"og:title\" content=\"Privaatsuspoliitika - The Rembrandt Hoeve\" \/>\n<meta property=\"og:description\" content=\"See on privaatsusavalduse: Rembrandt Hoeve, mis asub aadressil Amsteldijk Noord 127 NL &#8211; 1183 TJ Amstelveen (Madalmaad). K\u00fcsimuste v\u00f5i kontaktide korral saatke palun e-kiri rembrandthoeve@live.nl. Milliseid isikuandmeid me kogume ja miks me neid kogume Kommentaarid Kui k\u00fclastajad j\u00e4tavad saidile kommentaare, kogume r\u00e4mpsposti tuvastamise h\u00f5lbustamiseks kommentaari vormis n\u00e4idatud teavet, k\u00fclastaja IP-aadressi ja brauseri kasutajaagendi. Gravatari teenusele [&hellip;]\" \/>\n<meta property=\"og:url\" content=\"https:\/\/rembrandthoeveamsterdam.nl\/et\/privaatsuspoliitika\/\" \/>\n<meta property=\"og:site_name\" content=\"The Rembrandt Hoeve\" \/>\n<meta name=\"twitter:card\" content=\"summary_large_image\" \/>\n<meta name=\"twitter:label1\" content=\"Est. reading time\" \/>\n\t<meta name=\"twitter:data1\" content=\"4 minutit\" \/>\n<script type=\"application\/ld+json\" class=\"yoast-schema-graph\">{\"@context\":\"https:\\\/\\\/schema.org\",\"@graph\":[{\"@type\":\"WebPage\",\"@id\":\"https:\\\/\\\/rembrandthoeveamsterdam.nl\\\/et\\\/privaatsuspoliitika\\\/\",\"url\":\"https:\\\/\\\/rembrandthoeveamsterdam.nl\\\/et\\\/privaatsuspoliitika\\\/\",\"name\":\"Privaatsuspoliitika - The Rembrandt Hoeve\",\"isPartOf\":{\"@id\":\"https:\\\/\\\/rembrandthoeveamsterdam.nl\\\/et\\\/#website\"},\"primaryImageOfPage\":{\"@id\":\"https:\\\/\\\/rembrandthoeveamsterdam.nl\\\/et\\\/privaatsuspoliitika\\\/#primaryimage\"},\"image\":{\"@id\":\"https:\\\/\\\/rembrandthoeveamsterdam.nl\\\/et\\\/privaatsuspoliitika\\\/#primaryimage\"},\"thumbnailUrl\":\"https:\\\/\\\/rembrandthoeveamsterdam.nl\\\/wp-content\\\/uploads\\\/2022\\\/07\\\/rudenko-photography-51-e1659012521964.jpg\",\"datePublished\":\"2020-10-21T07:36:29+00:00\",\"breadcrumb\":{\"@id\":\"https:\\\/\\\/rembrandthoeveamsterdam.nl\\\/et\\\/privaatsuspoliitika\\\/#breadcrumb\"},\"inLanguage\":\"et\",\"potentialAction\":[{\"@type\":\"ReadAction\",\"target\":[\"https:\\\/\\\/rembrandthoeveamsterdam.nl\\\/et\\\/privaatsuspoliitika\\\/\"]}]},{\"@type\":\"ImageObject\",\"inLanguage\":\"et\",\"@id\":\"https:\\\/\\\/rembrandthoeveamsterdam.nl\\\/et\\\/privaatsuspoliitika\\\/#primaryimage\",\"url\":\"https:\\\/\\\/rembrandthoeveamsterdam.nl\\\/wp-content\\\/uploads\\\/2022\\\/07\\\/rudenko-photography-51-e1659012521964.jpg\",\"contentUrl\":\"https:\\\/\\\/rembrandthoeveamsterdam.nl\\\/wp-content\\\/uploads\\\/2022\\\/07\\\/rudenko-photography-51-e1659012521964.jpg\",\"width\":1600,\"height\":652},{\"@type\":\"BreadcrumbList\",\"@id\":\"https:\\\/\\\/rembrandthoeveamsterdam.nl\\\/et\\\/privaatsuspoliitika\\\/#breadcrumb\",\"itemListElement\":[{\"@type\":\"ListItem\",\"position\":1,\"name\":\"Home\",\"item\":\"https:\\\/\\\/rembrandthoeveamsterdam.nl\\\/et\\\/kodu\\\/\"},{\"@type\":\"ListItem\",\"position\":2,\"name\":\"Privaatsuspoliitika\"}]},{\"@type\":\"WebSite\",\"@id\":\"https:\\\/\\\/rembrandthoeveamsterdam.nl\\\/et\\\/#website\",\"url\":\"https:\\\/\\\/rembrandthoeveamsterdam.nl\\\/et\\\/\",\"name\":\"The Rembrandt Hoeve\",\"description\":\"Cheesefarm &amp; Clog factory in Amsterdam\",\"publisher\":{\"@id\":\"https:\\\/\\\/rembrandthoeveamsterdam.nl\\\/et\\\/#organization\"},\"potentialAction\":[{\"@type\":\"SearchAction\",\"target\":{\"@type\":\"EntryPoint\",\"urlTemplate\":\"https:\\\/\\\/rembrandthoeveamsterdam.nl\\\/et\\\/?s={search_term_string}\"},\"query-input\":{\"@type\":\"PropertyValueSpecification\",\"valueRequired\":true,\"valueName\":\"search_term_string\"}}],\"inLanguage\":\"et\"},{\"@type\":\"Organization\",\"@id\":\"https:\\\/\\\/rembrandthoeveamsterdam.nl\\\/et\\\/#organization\",\"name\":\"The Rembrandt Hoeve\",\"url\":\"https:\\\/\\\/rembrandthoeveamsterdam.nl\\\/et\\\/\",\"logo\":{\"@type\":\"ImageObject\",\"inLanguage\":\"et\",\"@id\":\"https:\\\/\\\/rembrandthoeveamsterdam.nl\\\/et\\\/#\\\/schema\\\/logo\\\/image\\\/\",\"url\":\"https:\\\/\\\/rembrandthoeveamsterdam.nl\\\/wp-content\\\/uploads\\\/2020\\\/10\\\/logo-2.png\",\"contentUrl\":\"https:\\\/\\\/rembrandthoeveamsterdam.nl\\\/wp-content\\\/uploads\\\/2020\\\/10\\\/logo-2.png\",\"width\":222,\"height\":121,\"caption\":\"The Rembrandt Hoeve\"},\"image\":{\"@id\":\"https:\\\/\\\/rembrandthoeveamsterdam.nl\\\/et\\\/#\\\/schema\\\/logo\\\/image\\\/\"}}]}<\/script>\n<!-- \/ Yoast SEO plugin. -->","yoast_head_json":{"title":"Privaatsuspoliitika - The Rembrandt Hoeve","robots":{"index":"noindex","follow":"follow"},"og_locale":"et_EE","og_type":"article","og_title":"Privaatsuspoliitika - The Rembrandt Hoeve","og_description":"See on privaatsusavalduse: Rembrandt Hoeve, mis asub aadressil Amsteldijk Noord 127 NL &#8211; 1183 TJ Amstelveen (Madalmaad). K\u00fcsimuste v\u00f5i kontaktide korral saatke palun e-kiri rembrandthoeve@live.nl. Milliseid isikuandmeid me kogume ja miks me neid kogume Kommentaarid Kui k\u00fclastajad j\u00e4tavad saidile kommentaare, kogume r\u00e4mpsposti tuvastamise h\u00f5lbustamiseks kommentaari vormis n\u00e4idatud teavet, k\u00fclastaja IP-aadressi ja brauseri kasutajaagendi. Gravatari teenusele [&hellip;]","og_url":"https:\/\/rembrandthoeveamsterdam.nl\/et\/privaatsuspoliitika\/","og_site_name":"The Rembrandt Hoeve","twitter_card":"summary_large_image","twitter_misc":{"Est. reading time":"4 minutit"},"schema":{"@context":"https:\/\/schema.org","@graph":[{"@type":"WebPage","@id":"https:\/\/rembrandthoeveamsterdam.nl\/et\/privaatsuspoliitika\/","url":"https:\/\/rembrandthoeveamsterdam.nl\/et\/privaatsuspoliitika\/","name":"Privaatsuspoliitika - The Rembrandt Hoeve","isPartOf":{"@id":"https:\/\/rembrandthoeveamsterdam.nl\/et\/#website"},"primaryImageOfPage":{"@id":"https:\/\/rembrandthoeveamsterdam.nl\/et\/privaatsuspoliitika\/#primaryimage"},"image":{"@id":"https:\/\/rembrandthoeveamsterdam.nl\/et\/privaatsuspoliitika\/#primaryimage"},"thumbnailUrl":"https:\/\/rembrandthoeveamsterdam.nl\/wp-content\/uploads\/2022\/07\/rudenko-photography-51-e1659012521964.jpg","datePublished":"2020-10-21T07:36:29+00:00","breadcrumb":{"@id":"https:\/\/rembrandthoeveamsterdam.nl\/et\/privaatsuspoliitika\/#breadcrumb"},"inLanguage":"et","potentialAction":[{"@type":"ReadAction","target":["https:\/\/rembrandthoeveamsterdam.nl\/et\/privaatsuspoliitika\/"]}]},{"@type":"ImageObject","inLanguage":"et","@id":"https:\/\/rembrandthoeveamsterdam.nl\/et\/privaatsuspoliitika\/#primaryimage","url":"https:\/\/rembrandthoeveamsterdam.nl\/wp-content\/uploads\/2022\/07\/rudenko-photography-51-e1659012521964.jpg","contentUrl":"https:\/\/rembrandthoeveamsterdam.nl\/wp-content\/uploads\/2022\/07\/rudenko-photography-51-e1659012521964.jpg","width":1600,"height":652},{"@type":"BreadcrumbList","@id":"https:\/\/rembrandthoeveamsterdam.nl\/et\/privaatsuspoliitika\/#breadcrumb","itemListElement":[{"@type":"ListItem","position":1,"name":"Home","item":"https:\/\/rembrandthoeveamsterdam.nl\/et\/kodu\/"},{"@type":"ListItem","position":2,"name":"Privaatsuspoliitika"}]},{"@type":"WebSite","@id":"https:\/\/rembrandthoeveamsterdam.nl\/et\/#website","url":"https:\/\/rembrandthoeveamsterdam.nl\/et\/","name":"The Rembrandt Hoeve","description":"Cheesefarm &amp; Clog factory in Amsterdam","publisher":{"@id":"https:\/\/rembrandthoeveamsterdam.nl\/et\/#organization"},"potentialAction":[{"@type":"SearchAction","target":{"@type":"EntryPoint","urlTemplate":"https:\/\/rembrandthoeveamsterdam.nl\/et\/?s={search_term_string}"},"query-input":{"@type":"PropertyValueSpecification","valueRequired":true,"valueName":"search_term_string"}}],"inLanguage":"et"},{"@type":"Organization","@id":"https:\/\/rembrandthoeveamsterdam.nl\/et\/#organization","name":"The Rembrandt Hoeve","url":"https:\/\/rembrandthoeveamsterdam.nl\/et\/","logo":{"@type":"ImageObject","inLanguage":"et","@id":"https:\/\/rembrandthoeveamsterdam.nl\/et\/#\/schema\/logo\/image\/","url":"https:\/\/rembrandthoeveamsterdam.nl\/wp-content\/uploads\/2020\/10\/logo-2.png","contentUrl":"https:\/\/rembrandthoeveamsterdam.nl\/wp-content\/uploads\/2020\/10\/logo-2.png","width":222,"height":121,"caption":"The Rembrandt Hoeve"},"image":{"@id":"https:\/\/rembrandthoeveamsterdam.nl\/et\/#\/schema\/logo\/image\/"}}]}},"_links":{"self":[{"href":"https:\/\/rembrandthoeveamsterdam.nl\/et\/wp-json\/wp\/v2\/pages\/2695","targetHints":{"allow":["GET"]}}],"collection":[{"href":"https:\/\/rembrandthoeveamsterdam.nl\/et\/wp-json\/wp\/v2\/pages"}],"about":[{"href":"https:\/\/rembrandthoeveamsterdam.nl\/et\/wp-json\/wp\/v2\/types\/page"}],"author":[{"embeddable":true,"href":"https:\/\/rembrandthoeveamsterdam.nl\/et\/wp-json\/wp\/v2\/users\/1"}],"replies":[{"embeddable":true,"href":"https:\/\/rembrandthoeveamsterdam.nl\/et\/wp-json\/wp\/v2\/comments?post=2695"}],"version-history":[{"count":0,"href":"https:\/\/rembrandthoeveamsterdam.nl\/et\/wp-json\/wp\/v2\/pages\/2695\/revisions"}],"wp:featuredmedia":[{"embeddable":true,"href":"https:\/\/rembrandthoeveamsterdam.nl\/et\/wp-json\/wp\/v2\/media\/3255"}],"wp:attachment":[{"href":"https:\/\/rembrandthoeveamsterdam.nl\/et\/wp-json\/wp\/v2\/media?parent=2695"}],"curies":[{"name":"wp","href":"https:\/\/api.w.org\/{rel}","templated":true}]}}