{"id":2779,"date":"2022-07-05T14:22:26","date_gmt":"2022-07-05T14:22:26","guid":{"rendered":"https:\/\/rembrandthoeve.templ8.nl\/clogs-holzschuhe\/"},"modified":"2022-07-28T12:55:53","modified_gmt":"2022-07-28T12:55:53","slug":"clogs-holzschuhe","status":"publish","type":"page","link":"https:\/\/rembrandthoeveamsterdam.nl\/de\/clogs-holzschuhe\/","title":{"rendered":"Clogs\/Holzschuhe"},"content":{"rendered":"<p>Geschickte H\u00e4nde schneiden die alt-holl\u00e4ndischen Holzschuhe aus einem Holzklotz: so wie fr\u00fcher. W\u00fcrden Sie gerne ein Paar Holzschuhe anprobieren? Das ist Teil unserer Tradition. Der Shop bietet Ihnen eine gro\u00dfe Auswahl an Holzschuhen: von einfach bis sehr bunt, f\u00fcr jeden Geschmack haben wir die richtige Farbe und das richtige Design. Wenn Sie etwas Besonderes suchen: wir k\u00f6nnen Ihren Namen in Ihren eigenen Holzschuh gravieren, Sie werden \u00fcberrascht sein!<\/p>\n","protected":false},"excerpt":{"rendered":"<p>Geschickte H\u00e4nde schneiden die alt-holl\u00e4ndischen Holzschuhe aus einem Holzklotz: so wie fr\u00fcher. W\u00fcrden Sie gerne ein Paar Holzschuhe anprobieren? Das ist Teil unserer Tradition. Der Shop bietet Ihnen eine gro\u00dfe Auswahl an Holzschuhen: von einfach bis sehr bunt, f\u00fcr jeden Geschmack haben wir die richtige Farbe und das richtige Design. Wenn Sie etwas Besonderes suchen: [&hellip;]<\/p>\n","protected":false},"author":1,"featured_media":2463,"parent":0,"menu_order":0,"comment_status":"closed","ping_status":"closed","template":"","meta":{"footnotes":""},"class_list":["post-2779","page","type-page","status-publish","has-post-thumbnail","hentry"],"yoast_head":"<!-- This site is optimized with the Yoast SEO plugin v27.6 - https:\/\/yoast.com\/product\/yoast-seo-wordpress\/ -->\n<title>Clogs\/Holzschuhe - The Rembrandt Hoeve<\/title>\n<meta name=\"robots\" content=\"index, follow, max-snippet:-1, max-image-preview:large, max-video-preview:-1\" \/>\n<link rel=\"canonical\" href=\"https:\/\/rembrandthoeveamsterdam.nl\/de\/clogs-holzschuhe\/\" \/>\n<meta property=\"og:locale\" content=\"de_DE\" \/>\n<meta property=\"og:type\" content=\"article\" \/>\n<meta property=\"og:title\" content=\"Clogs\/Holzschuhe - The Rembrandt Hoeve\" \/>\n<meta property=\"og:description\" content=\"Geschickte H\u00e4nde schneiden die alt-holl\u00e4ndischen Holzschuhe aus einem Holzklotz: so wie fr\u00fcher. W\u00fcrden Sie gerne ein Paar Holzschuhe anprobieren? Das ist Teil unserer Tradition. Der Shop bietet Ihnen eine gro\u00dfe Auswahl an Holzschuhen: von einfach bis sehr bunt, f\u00fcr jeden Geschmack haben wir die richtige Farbe und das richtige Design. Wenn Sie etwas Besonderes suchen: [&hellip;]\" \/>\n<meta property=\"og:url\" content=\"https:\/\/rembrandthoeveamsterdam.nl\/de\/clogs-holzschuhe\/\" \/>\n<meta property=\"og:site_name\" content=\"The Rembrandt Hoeve\" \/>\n<meta property=\"article:modified_time\" content=\"2022-07-28T12:55:53+00:00\" \/>\n<meta property=\"og:image\" content=\"https:\/\/rembrandthoeveamsterdam.nl\/wp-content\/uploads\/2022\/06\/rudenko-photography-34.jpg\" \/>\n\t<meta property=\"og:image:width\" content=\"1600\" \/>\n\t<meta property=\"og:image:height\" content=\"1200\" \/>\n\t<meta property=\"og:image:type\" content=\"image\/jpeg\" \/>\n<meta name=\"twitter:card\" content=\"summary_large_image\" \/>\n<meta name=\"twitter:label1\" content=\"Gesch\u00e4tzte Lesezeit\" \/>\n\t<meta name=\"twitter:data1\" content=\"1\u00a0Minute\" \/>\n<script type=\"application\/ld+json\" class=\"yoast-schema-graph\">{\"@context\":\"https:\\\/\\\/schema.org\",\"@graph\":[{\"@type\":\"WebPage\",\"@id\":\"https:\\\/\\\/rembrandthoeveamsterdam.nl\\\/de\\\/clogs-holzschuhe\\\/\",\"url\":\"https:\\\/\\\/rembrandthoeveamsterdam.nl\\\/de\\\/clogs-holzschuhe\\\/\",\"name\":\"Clogs\\\/Holzschuhe - The Rembrandt Hoeve\",\"isPartOf\":{\"@id\":\"https:\\\/\\\/rembrandthoeveamsterdam.nl\\\/de\\\/#website\"},\"primaryImageOfPage\":{\"@id\":\"https:\\\/\\\/rembrandthoeveamsterdam.nl\\\/de\\\/clogs-holzschuhe\\\/#primaryimage\"},\"image\":{\"@id\":\"https:\\\/\\\/rembrandthoeveamsterdam.nl\\\/de\\\/clogs-holzschuhe\\\/#primaryimage\"},\"thumbnailUrl\":\"https:\\\/\\\/rembrandthoeveamsterdam.nl\\\/wp-content\\\/uploads\\\/2022\\\/06\\\/rudenko-photography-34.jpg\",\"datePublished\":\"2022-07-05T14:22:26+00:00\",\"dateModified\":\"2022-07-28T12:55:53+00:00\",\"breadcrumb\":{\"@id\":\"https:\\\/\\\/rembrandthoeveamsterdam.nl\\\/de\\\/clogs-holzschuhe\\\/#breadcrumb\"},\"inLanguage\":\"de\",\"potentialAction\":[{\"@type\":\"ReadAction\",\"target\":[\"https:\\\/\\\/rembrandthoeveamsterdam.nl\\\/de\\\/clogs-holzschuhe\\\/\"]}]},{\"@type\":\"ImageObject\",\"inLanguage\":\"de\",\"@id\":\"https:\\\/\\\/rembrandthoeveamsterdam.nl\\\/de\\\/clogs-holzschuhe\\\/#primaryimage\",\"url\":\"https:\\\/\\\/rembrandthoeveamsterdam.nl\\\/wp-content\\\/uploads\\\/2022\\\/06\\\/rudenko-photography-34.jpg\",\"contentUrl\":\"https:\\\/\\\/rembrandthoeveamsterdam.nl\\\/wp-content\\\/uploads\\\/2022\\\/06\\\/rudenko-photography-34.jpg\",\"width\":1600,\"height\":1200},{\"@type\":\"BreadcrumbList\",\"@id\":\"https:\\\/\\\/rembrandthoeveamsterdam.nl\\\/de\\\/clogs-holzschuhe\\\/#breadcrumb\",\"itemListElement\":[{\"@type\":\"ListItem\",\"position\":1,\"name\":\"Home\",\"item\":\"https:\\\/\\\/rembrandthoeveamsterdam.nl\\\/de\\\/startseite\\\/\"},{\"@type\":\"ListItem\",\"position\":2,\"name\":\"Clogs\\\/Holzschuhe\"}]},{\"@type\":\"WebSite\",\"@id\":\"https:\\\/\\\/rembrandthoeveamsterdam.nl\\\/de\\\/#website\",\"url\":\"https:\\\/\\\/rembrandthoeveamsterdam.nl\\\/de\\\/\",\"name\":\"The Rembrandt Hoeve\",\"description\":\"Cheesefarm &amp; Clog factory in Amsterdam\",\"publisher\":{\"@id\":\"https:\\\/\\\/rembrandthoeveamsterdam.nl\\\/de\\\/#organization\"},\"potentialAction\":[{\"@type\":\"SearchAction\",\"target\":{\"@type\":\"EntryPoint\",\"urlTemplate\":\"https:\\\/\\\/rembrandthoeveamsterdam.nl\\\/de\\\/?s={search_term_string}\"},\"query-input\":{\"@type\":\"PropertyValueSpecification\",\"valueRequired\":true,\"valueName\":\"search_term_string\"}}],\"inLanguage\":\"de\"},{\"@type\":\"Organization\",\"@id\":\"https:\\\/\\\/rembrandthoeveamsterdam.nl\\\/de\\\/#organization\",\"name\":\"The Rembrandt Hoeve\",\"url\":\"https:\\\/\\\/rembrandthoeveamsterdam.nl\\\/de\\\/\",\"logo\":{\"@type\":\"ImageObject\",\"inLanguage\":\"de\",\"@id\":\"https:\\\/\\\/rembrandthoeveamsterdam.nl\\\/de\\\/#\\\/schema\\\/logo\\\/image\\\/\",\"url\":\"https:\\\/\\\/rembrandthoeveamsterdam.nl\\\/wp-content\\\/uploads\\\/2020\\\/10\\\/logo-2.png\",\"contentUrl\":\"https:\\\/\\\/rembrandthoeveamsterdam.nl\\\/wp-content\\\/uploads\\\/2020\\\/10\\\/logo-2.png\",\"width\":222,\"height\":121,\"caption\":\"The Rembrandt Hoeve\"},\"image\":{\"@id\":\"https:\\\/\\\/rembrandthoeveamsterdam.nl\\\/de\\\/#\\\/schema\\\/logo\\\/image\\\/\"}}]}<\/script>\n<!-- \/ Yoast SEO plugin. -->","yoast_head_json":{"title":"Clogs\/Holzschuhe - The Rembrandt Hoeve","robots":{"index":"index","follow":"follow","max-snippet":"max-snippet:-1","max-image-preview":"max-image-preview:large","max-video-preview":"max-video-preview:-1"},"canonical":"https:\/\/rembrandthoeveamsterdam.nl\/de\/clogs-holzschuhe\/","og_locale":"de_DE","og_type":"article","og_title":"Clogs\/Holzschuhe - The Rembrandt Hoeve","og_description":"Geschickte H\u00e4nde schneiden die alt-holl\u00e4ndischen Holzschuhe aus einem Holzklotz: so wie fr\u00fcher. W\u00fcrden Sie gerne ein Paar Holzschuhe anprobieren? Das ist Teil unserer Tradition. Der Shop bietet Ihnen eine gro\u00dfe Auswahl an Holzschuhen: von einfach bis sehr bunt, f\u00fcr jeden Geschmack haben wir die richtige Farbe und das richtige Design. Wenn Sie etwas Besonderes suchen: [&hellip;]","og_url":"https:\/\/rembrandthoeveamsterdam.nl\/de\/clogs-holzschuhe\/","og_site_name":"The Rembrandt Hoeve","article_modified_time":"2022-07-28T12:55:53+00:00","og_image":[{"width":1600,"height":1200,"url":"https:\/\/rembrandthoeveamsterdam.nl\/wp-content\/uploads\/2022\/06\/rudenko-photography-34.jpg","type":"image\/jpeg"}],"twitter_card":"summary_large_image","twitter_misc":{"Gesch\u00e4tzte Lesezeit":"1\u00a0Minute"},"schema":{"@context":"https:\/\/schema.org","@graph":[{"@type":"WebPage","@id":"https:\/\/rembrandthoeveamsterdam.nl\/de\/clogs-holzschuhe\/","url":"https:\/\/rembrandthoeveamsterdam.nl\/de\/clogs-holzschuhe\/","name":"Clogs\/Holzschuhe - The Rembrandt Hoeve","isPartOf":{"@id":"https:\/\/rembrandthoeveamsterdam.nl\/de\/#website"},"primaryImageOfPage":{"@id":"https:\/\/rembrandthoeveamsterdam.nl\/de\/clogs-holzschuhe\/#primaryimage"},"image":{"@id":"https:\/\/rembrandthoeveamsterdam.nl\/de\/clogs-holzschuhe\/#primaryimage"},"thumbnailUrl":"https:\/\/rembrandthoeveamsterdam.nl\/wp-content\/uploads\/2022\/06\/rudenko-photography-34.jpg","datePublished":"2022-07-05T14:22:26+00:00","dateModified":"2022-07-28T12:55:53+00:00","breadcrumb":{"@id":"https:\/\/rembrandthoeveamsterdam.nl\/de\/clogs-holzschuhe\/#breadcrumb"},"inLanguage":"de","potentialAction":[{"@type":"ReadAction","target":["https:\/\/rembrandthoeveamsterdam.nl\/de\/clogs-holzschuhe\/"]}]},{"@type":"ImageObject","inLanguage":"de","@id":"https:\/\/rembrandthoeveamsterdam.nl\/de\/clogs-holzschuhe\/#primaryimage","url":"https:\/\/rembrandthoeveamsterdam.nl\/wp-content\/uploads\/2022\/06\/rudenko-photography-34.jpg","contentUrl":"https:\/\/rembrandthoeveamsterdam.nl\/wp-content\/uploads\/2022\/06\/rudenko-photography-34.jpg","width":1600,"height":1200},{"@type":"BreadcrumbList","@id":"https:\/\/rembrandthoeveamsterdam.nl\/de\/clogs-holzschuhe\/#breadcrumb","itemListElement":[{"@type":"ListItem","position":1,"name":"Home","item":"https:\/\/rembrandthoeveamsterdam.nl\/de\/startseite\/"},{"@type":"ListItem","position":2,"name":"Clogs\/Holzschuhe"}]},{"@type":"WebSite","@id":"https:\/\/rembrandthoeveamsterdam.nl\/de\/#website","url":"https:\/\/rembrandthoeveamsterdam.nl\/de\/","name":"The Rembrandt Hoeve","description":"Cheesefarm &amp; Clog factory in Amsterdam","publisher":{"@id":"https:\/\/rembrandthoeveamsterdam.nl\/de\/#organization"},"potentialAction":[{"@type":"SearchAction","target":{"@type":"EntryPoint","urlTemplate":"https:\/\/rembrandthoeveamsterdam.nl\/de\/?s={search_term_string}"},"query-input":{"@type":"PropertyValueSpecification","valueRequired":true,"valueName":"search_term_string"}}],"inLanguage":"de"},{"@type":"Organization","@id":"https:\/\/rembrandthoeveamsterdam.nl\/de\/#organization","name":"The Rembrandt Hoeve","url":"https:\/\/rembrandthoeveamsterdam.nl\/de\/","logo":{"@type":"ImageObject","inLanguage":"de","@id":"https:\/\/rembrandthoeveamsterdam.nl\/de\/#\/schema\/logo\/image\/","url":"https:\/\/rembrandthoeveamsterdam.nl\/wp-content\/uploads\/2020\/10\/logo-2.png","contentUrl":"https:\/\/rembrandthoeveamsterdam.nl\/wp-content\/uploads\/2020\/10\/logo-2.png","width":222,"height":121,"caption":"The Rembrandt Hoeve"},"image":{"@id":"https:\/\/rembrandthoeveamsterdam.nl\/de\/#\/schema\/logo\/image\/"}}]}},"_links":{"self":[{"href":"https:\/\/rembrandthoeveamsterdam.nl\/de\/wp-json\/wp\/v2\/pages\/2779","targetHints":{"allow":["GET"]}}],"collection":[{"href":"https:\/\/rembrandthoeveamsterdam.nl\/de\/wp-json\/wp\/v2\/pages"}],"about":[{"href":"https:\/\/rembrandthoeveamsterdam.nl\/de\/wp-json\/wp\/v2\/types\/page"}],"author":[{"embeddable":true,"href":"https:\/\/rembrandthoeveamsterdam.nl\/de\/wp-json\/wp\/v2\/users\/1"}],"replies":[{"embeddable":true,"href":"https:\/\/rembrandthoeveamsterdam.nl\/de\/wp-json\/wp\/v2\/comments?post=2779"}],"version-history":[{"count":0,"href":"https:\/\/rembrandthoeveamsterdam.nl\/de\/wp-json\/wp\/v2\/pages\/2779\/revisions"}],"wp:featuredmedia":[{"embeddable":true,"href":"https:\/\/rembrandthoeveamsterdam.nl\/de\/wp-json\/wp\/v2\/media\/2463"}],"wp:attachment":[{"href":"https:\/\/rembrandthoeveamsterdam.nl\/de\/wp-json\/wp\/v2\/media?parent=2779"}],"curies":[{"name":"wp","href":"https:\/\/api.w.org\/{rel}","templated":true}]}}