{"id":2741,"date":"2022-07-05T14:22:16","date_gmt":"2022-07-05T14:22:16","guid":{"rendered":"https:\/\/rembrandthoeve.templ8.nl\/kase\/"},"modified":"2022-07-28T13:05:21","modified_gmt":"2022-07-28T13:05:21","slug":"kase","status":"publish","type":"page","link":"https:\/\/rembrandthoeveamsterdam.nl\/de\/kase\/","title":{"rendered":"K\u00e4se"},"content":{"rendered":"<p>In der Rembrandthoeve werden Sie f\u00fcr eine Weile in die Vergangenheit zur\u00fcckversetzt: Der ber\u00fchmte niederl\u00e4ndische Gouda-K\u00e4se wird noch auf traditionelle Weise hergestellt. Bei einer F\u00fchrung zeigt Ihnen der Bauer Roel, warum dieser K\u00e4se so gut schmeckt und warum die Niederl\u00e4nder so gute K\u00e4ser sind! Sie werden \u00fcberrascht sein, denn diese traditionelle Art der K\u00e4seherstellung hat Bauer Roel nicht davon abgehalten, neben dem traditionellen einfachen Gouda-K\u00e4se neue K\u00e4sesorten zu kreieren:<\/p>\n<p>Knoblauch und Schnittlauch, die wunderbar zu einem Glas Wein passen. Peperoni f\u00fcr die Liebhaber der scharfen Paprika. Ganze Senfk\u00f6rner f\u00fcr ein typisch holl\u00e4ndisches Sandwich. Ger\u00e4ucherter K\u00e4se mit Schinken, perfekt zu einem Glas Bier. Und der beste Teil kommt erst noch: Sie k\u00f6nnen all die verschiedenen K\u00e4sesorten probieren, die anschlie\u00dfend gekauft werden k\u00f6nnen. Ein perfekter Abschluss eines Besuchs in der Rembrandt Hoeve.<\/p>\n","protected":false},"excerpt":{"rendered":"<p>In der Rembrandthoeve werden Sie f\u00fcr eine Weile in die Vergangenheit zur\u00fcckversetzt: Der ber\u00fchmte niederl\u00e4ndische Gouda-K\u00e4se wird noch auf traditionelle Weise hergestellt. Bei einer F\u00fchrung zeigt Ihnen der Bauer Roel, warum dieser K\u00e4se so gut schmeckt und warum die Niederl\u00e4nder so gute K\u00e4ser sind! Sie werden \u00fcberrascht sein, denn diese traditionelle Art der K\u00e4seherstellung hat [&hellip;]<\/p>\n","protected":false},"author":1,"featured_media":2607,"parent":0,"menu_order":0,"comment_status":"closed","ping_status":"closed","template":"","meta":{"footnotes":""},"class_list":["post-2741","page","type-page","status-publish","has-post-thumbnail","hentry"],"yoast_head":"<!-- This site is optimized with the Yoast SEO plugin v27.6 - https:\/\/yoast.com\/product\/yoast-seo-wordpress\/ -->\n<title>K\u00e4se - The Rembrandt Hoeve<\/title>\n<meta name=\"robots\" content=\"index, follow, max-snippet:-1, max-image-preview:large, max-video-preview:-1\" \/>\n<link rel=\"canonical\" href=\"https:\/\/rembrandthoeveamsterdam.nl\/de\/kase\/\" \/>\n<meta property=\"og:locale\" content=\"de_DE\" \/>\n<meta property=\"og:type\" content=\"article\" \/>\n<meta property=\"og:title\" content=\"K\u00e4se - The Rembrandt Hoeve\" \/>\n<meta property=\"og:description\" content=\"In der Rembrandthoeve werden Sie f\u00fcr eine Weile in die Vergangenheit zur\u00fcckversetzt: Der ber\u00fchmte niederl\u00e4ndische Gouda-K\u00e4se wird noch auf traditionelle Weise hergestellt. Bei einer F\u00fchrung zeigt Ihnen der Bauer Roel, warum dieser K\u00e4se so gut schmeckt und warum die Niederl\u00e4nder so gute K\u00e4ser sind! Sie werden \u00fcberrascht sein, denn diese traditionelle Art der K\u00e4seherstellung hat [&hellip;]\" \/>\n<meta property=\"og:url\" content=\"https:\/\/rembrandthoeveamsterdam.nl\/de\/kase\/\" \/>\n<meta property=\"og:site_name\" content=\"The Rembrandt Hoeve\" \/>\n<meta property=\"article:modified_time\" content=\"2022-07-28T13:05:21+00:00\" \/>\n<meta property=\"og:image\" content=\"https:\/\/rembrandthoeveamsterdam.nl\/wp-content\/uploads\/2022\/07\/rudenko-photography-41.jpg\" \/>\n\t<meta property=\"og:image:width\" content=\"1600\" \/>\n\t<meta property=\"og:image:height\" content=\"1200\" \/>\n\t<meta property=\"og:image:type\" content=\"image\/jpeg\" \/>\n<meta name=\"twitter:card\" content=\"summary_large_image\" \/>\n<meta name=\"twitter:label1\" content=\"Gesch\u00e4tzte Lesezeit\" \/>\n\t<meta name=\"twitter:data1\" content=\"1\u00a0Minute\" \/>\n<script type=\"application\/ld+json\" class=\"yoast-schema-graph\">{\"@context\":\"https:\\\/\\\/schema.org\",\"@graph\":[{\"@type\":\"WebPage\",\"@id\":\"https:\\\/\\\/rembrandthoeveamsterdam.nl\\\/de\\\/kase\\\/\",\"url\":\"https:\\\/\\\/rembrandthoeveamsterdam.nl\\\/de\\\/kase\\\/\",\"name\":\"K\u00e4se - The Rembrandt Hoeve\",\"isPartOf\":{\"@id\":\"https:\\\/\\\/rembrandthoeveamsterdam.nl\\\/de\\\/#website\"},\"primaryImageOfPage\":{\"@id\":\"https:\\\/\\\/rembrandthoeveamsterdam.nl\\\/de\\\/kase\\\/#primaryimage\"},\"image\":{\"@id\":\"https:\\\/\\\/rembrandthoeveamsterdam.nl\\\/de\\\/kase\\\/#primaryimage\"},\"thumbnailUrl\":\"https:\\\/\\\/rembrandthoeveamsterdam.nl\\\/wp-content\\\/uploads\\\/2022\\\/07\\\/rudenko-photography-41.jpg\",\"datePublished\":\"2022-07-05T14:22:16+00:00\",\"dateModified\":\"2022-07-28T13:05:21+00:00\",\"breadcrumb\":{\"@id\":\"https:\\\/\\\/rembrandthoeveamsterdam.nl\\\/de\\\/kase\\\/#breadcrumb\"},\"inLanguage\":\"de\",\"potentialAction\":[{\"@type\":\"ReadAction\",\"target\":[\"https:\\\/\\\/rembrandthoeveamsterdam.nl\\\/de\\\/kase\\\/\"]}]},{\"@type\":\"ImageObject\",\"inLanguage\":\"de\",\"@id\":\"https:\\\/\\\/rembrandthoeveamsterdam.nl\\\/de\\\/kase\\\/#primaryimage\",\"url\":\"https:\\\/\\\/rembrandthoeveamsterdam.nl\\\/wp-content\\\/uploads\\\/2022\\\/07\\\/rudenko-photography-41.jpg\",\"contentUrl\":\"https:\\\/\\\/rembrandthoeveamsterdam.nl\\\/wp-content\\\/uploads\\\/2022\\\/07\\\/rudenko-photography-41.jpg\",\"width\":1600,\"height\":1200},{\"@type\":\"BreadcrumbList\",\"@id\":\"https:\\\/\\\/rembrandthoeveamsterdam.nl\\\/de\\\/kase\\\/#breadcrumb\",\"itemListElement\":[{\"@type\":\"ListItem\",\"position\":1,\"name\":\"Home\",\"item\":\"https:\\\/\\\/rembrandthoeveamsterdam.nl\\\/de\\\/startseite\\\/\"},{\"@type\":\"ListItem\",\"position\":2,\"name\":\"K\u00e4se\"}]},{\"@type\":\"WebSite\",\"@id\":\"https:\\\/\\\/rembrandthoeveamsterdam.nl\\\/de\\\/#website\",\"url\":\"https:\\\/\\\/rembrandthoeveamsterdam.nl\\\/de\\\/\",\"name\":\"The Rembrandt Hoeve\",\"description\":\"Cheesefarm &amp; Clog factory in Amsterdam\",\"publisher\":{\"@id\":\"https:\\\/\\\/rembrandthoeveamsterdam.nl\\\/de\\\/#organization\"},\"potentialAction\":[{\"@type\":\"SearchAction\",\"target\":{\"@type\":\"EntryPoint\",\"urlTemplate\":\"https:\\\/\\\/rembrandthoeveamsterdam.nl\\\/de\\\/?s={search_term_string}\"},\"query-input\":{\"@type\":\"PropertyValueSpecification\",\"valueRequired\":true,\"valueName\":\"search_term_string\"}}],\"inLanguage\":\"de\"},{\"@type\":\"Organization\",\"@id\":\"https:\\\/\\\/rembrandthoeveamsterdam.nl\\\/de\\\/#organization\",\"name\":\"The Rembrandt Hoeve\",\"url\":\"https:\\\/\\\/rembrandthoeveamsterdam.nl\\\/de\\\/\",\"logo\":{\"@type\":\"ImageObject\",\"inLanguage\":\"de\",\"@id\":\"https:\\\/\\\/rembrandthoeveamsterdam.nl\\\/de\\\/#\\\/schema\\\/logo\\\/image\\\/\",\"url\":\"https:\\\/\\\/rembrandthoeveamsterdam.nl\\\/wp-content\\\/uploads\\\/2020\\\/10\\\/logo-2.png\",\"contentUrl\":\"https:\\\/\\\/rembrandthoeveamsterdam.nl\\\/wp-content\\\/uploads\\\/2020\\\/10\\\/logo-2.png\",\"width\":222,\"height\":121,\"caption\":\"The Rembrandt Hoeve\"},\"image\":{\"@id\":\"https:\\\/\\\/rembrandthoeveamsterdam.nl\\\/de\\\/#\\\/schema\\\/logo\\\/image\\\/\"}}]}<\/script>\n<!-- \/ Yoast SEO plugin. -->","yoast_head_json":{"title":"K\u00e4se - The Rembrandt Hoeve","robots":{"index":"index","follow":"follow","max-snippet":"max-snippet:-1","max-image-preview":"max-image-preview:large","max-video-preview":"max-video-preview:-1"},"canonical":"https:\/\/rembrandthoeveamsterdam.nl\/de\/kase\/","og_locale":"de_DE","og_type":"article","og_title":"K\u00e4se - The Rembrandt Hoeve","og_description":"In der Rembrandthoeve werden Sie f\u00fcr eine Weile in die Vergangenheit zur\u00fcckversetzt: Der ber\u00fchmte niederl\u00e4ndische Gouda-K\u00e4se wird noch auf traditionelle Weise hergestellt. Bei einer F\u00fchrung zeigt Ihnen der Bauer Roel, warum dieser K\u00e4se so gut schmeckt und warum die Niederl\u00e4nder so gute K\u00e4ser sind! Sie werden \u00fcberrascht sein, denn diese traditionelle Art der K\u00e4seherstellung hat [&hellip;]","og_url":"https:\/\/rembrandthoeveamsterdam.nl\/de\/kase\/","og_site_name":"The Rembrandt Hoeve","article_modified_time":"2022-07-28T13:05:21+00:00","og_image":[{"width":1600,"height":1200,"url":"https:\/\/rembrandthoeveamsterdam.nl\/wp-content\/uploads\/2022\/07\/rudenko-photography-41.jpg","type":"image\/jpeg"}],"twitter_card":"summary_large_image","twitter_misc":{"Gesch\u00e4tzte Lesezeit":"1\u00a0Minute"},"schema":{"@context":"https:\/\/schema.org","@graph":[{"@type":"WebPage","@id":"https:\/\/rembrandthoeveamsterdam.nl\/de\/kase\/","url":"https:\/\/rembrandthoeveamsterdam.nl\/de\/kase\/","name":"K\u00e4se - The Rembrandt Hoeve","isPartOf":{"@id":"https:\/\/rembrandthoeveamsterdam.nl\/de\/#website"},"primaryImageOfPage":{"@id":"https:\/\/rembrandthoeveamsterdam.nl\/de\/kase\/#primaryimage"},"image":{"@id":"https:\/\/rembrandthoeveamsterdam.nl\/de\/kase\/#primaryimage"},"thumbnailUrl":"https:\/\/rembrandthoeveamsterdam.nl\/wp-content\/uploads\/2022\/07\/rudenko-photography-41.jpg","datePublished":"2022-07-05T14:22:16+00:00","dateModified":"2022-07-28T13:05:21+00:00","breadcrumb":{"@id":"https:\/\/rembrandthoeveamsterdam.nl\/de\/kase\/#breadcrumb"},"inLanguage":"de","potentialAction":[{"@type":"ReadAction","target":["https:\/\/rembrandthoeveamsterdam.nl\/de\/kase\/"]}]},{"@type":"ImageObject","inLanguage":"de","@id":"https:\/\/rembrandthoeveamsterdam.nl\/de\/kase\/#primaryimage","url":"https:\/\/rembrandthoeveamsterdam.nl\/wp-content\/uploads\/2022\/07\/rudenko-photography-41.jpg","contentUrl":"https:\/\/rembrandthoeveamsterdam.nl\/wp-content\/uploads\/2022\/07\/rudenko-photography-41.jpg","width":1600,"height":1200},{"@type":"BreadcrumbList","@id":"https:\/\/rembrandthoeveamsterdam.nl\/de\/kase\/#breadcrumb","itemListElement":[{"@type":"ListItem","position":1,"name":"Home","item":"https:\/\/rembrandthoeveamsterdam.nl\/de\/startseite\/"},{"@type":"ListItem","position":2,"name":"K\u00e4se"}]},{"@type":"WebSite","@id":"https:\/\/rembrandthoeveamsterdam.nl\/de\/#website","url":"https:\/\/rembrandthoeveamsterdam.nl\/de\/","name":"The Rembrandt Hoeve","description":"Cheesefarm &amp; Clog factory in Amsterdam","publisher":{"@id":"https:\/\/rembrandthoeveamsterdam.nl\/de\/#organization"},"potentialAction":[{"@type":"SearchAction","target":{"@type":"EntryPoint","urlTemplate":"https:\/\/rembrandthoeveamsterdam.nl\/de\/?s={search_term_string}"},"query-input":{"@type":"PropertyValueSpecification","valueRequired":true,"valueName":"search_term_string"}}],"inLanguage":"de"},{"@type":"Organization","@id":"https:\/\/rembrandthoeveamsterdam.nl\/de\/#organization","name":"The Rembrandt Hoeve","url":"https:\/\/rembrandthoeveamsterdam.nl\/de\/","logo":{"@type":"ImageObject","inLanguage":"de","@id":"https:\/\/rembrandthoeveamsterdam.nl\/de\/#\/schema\/logo\/image\/","url":"https:\/\/rembrandthoeveamsterdam.nl\/wp-content\/uploads\/2020\/10\/logo-2.png","contentUrl":"https:\/\/rembrandthoeveamsterdam.nl\/wp-content\/uploads\/2020\/10\/logo-2.png","width":222,"height":121,"caption":"The Rembrandt Hoeve"},"image":{"@id":"https:\/\/rembrandthoeveamsterdam.nl\/de\/#\/schema\/logo\/image\/"}}]}},"_links":{"self":[{"href":"https:\/\/rembrandthoeveamsterdam.nl\/de\/wp-json\/wp\/v2\/pages\/2741","targetHints":{"allow":["GET"]}}],"collection":[{"href":"https:\/\/rembrandthoeveamsterdam.nl\/de\/wp-json\/wp\/v2\/pages"}],"about":[{"href":"https:\/\/rembrandthoeveamsterdam.nl\/de\/wp-json\/wp\/v2\/types\/page"}],"author":[{"embeddable":true,"href":"https:\/\/rembrandthoeveamsterdam.nl\/de\/wp-json\/wp\/v2\/users\/1"}],"replies":[{"embeddable":true,"href":"https:\/\/rembrandthoeveamsterdam.nl\/de\/wp-json\/wp\/v2\/comments?post=2741"}],"version-history":[{"count":0,"href":"https:\/\/rembrandthoeveamsterdam.nl\/de\/wp-json\/wp\/v2\/pages\/2741\/revisions"}],"wp:featuredmedia":[{"embeddable":true,"href":"https:\/\/rembrandthoeveamsterdam.nl\/de\/wp-json\/wp\/v2\/media\/2607"}],"wp:attachment":[{"href":"https:\/\/rembrandthoeveamsterdam.nl\/de\/wp-json\/wp\/v2\/media?parent=2741"}],"curies":[{"name":"wp","href":"https:\/\/api.w.org\/{rel}","templated":true}]}}