{"id":2693,"date":"2020-10-21T07:36:29","date_gmt":"2020-10-21T07:36:29","guid":{"rendered":"https:\/\/rembrandthoeve.templ8.nl\/datenschutzbestimmungen\/"},"modified":"2020-10-21T07:36:29","modified_gmt":"2020-10-21T07:36:29","slug":"datenschutzbestimmungen","status":"publish","type":"page","link":"https:\/\/rembrandthoeveamsterdam.nl\/de\/datenschutzbestimmungen\/","title":{"rendered":"Datenschutzbestimmungen"},"content":{"rendered":"<div class=\"elementor-element elementor-element-8aece8d elementor-widget elementor-widget-theme-post-content\" data-id=\"8aece8d\" data-element_type=\"widget\" data-widget_type=\"theme-post-content.default\">\n<div class=\"elementor-widget-container\">\n<p>Dies ist die Datenschutzerkl\u00e4rung von: The Rembrandt Hoeve mit Sitz in Amsteldijk Noord 127 NL &#8211; 1183 TJ Amstelveen (Niederlande). Bei Fragen oder zur Kontaktaufnahme senden Sie bitte eine E-Mail an  <a href=\"mailto:info@annetransport.nl\"><br \/>\n<\/a><a href=\"mailto:rembrandthoeve@live.nl\">rembrandthoeve@live.nl.<\/a><\/p>\n<h3>Welche pers\u00f6nlichen Daten wir sammeln und warum wir sie sammeln<\/h3>\n<h4>Kommentare<\/h4>\n<p>Wenn Besucher Kommentare auf der Website hinterlassen, erfassen wir die im Kommentarformular angezeigten Informationen, die IP-Adresse des Besuchers und den Browser-Benutzer-Agenten, um die Spam-Erkennung zu erleichtern.<\/p>\n<p>Eine anonymisierte Zeichenfolge, die aus Ihrer E-Mail-Adresse erstellt wird (auch Hash genannt), kann an den Gravatar-Dienst gesendet werden, wenn Sie diesen verwenden. Die Seite mit den Datenschutzbestimmungen finden Sie hier: https:\/\/automattic.com\/privacy\/. Nachdem Ihr Kommentar genehmigt wurde, wird Ihr Profilbild im Zusammenhang mit Ihrem Kommentar \u00f6ffentlich sichtbar sein.<\/p>\n<h4>Medien<\/h4>\n<p>Wenn Sie ein registrierter Benutzer sind und Bilder auf die Website hochladen, sollten Sie es vermeiden, Bilder mit EXIF-GPS-Standortdaten hochzuladen. Die Besucher der Website k\u00f6nnen die Bilder von der Website herunterladen und die Standortdaten einsehen.<\/p>\n<h4>Kontaktformulare<\/h4>\n<p>Die pers\u00f6nlichen Kontaktdaten werden beim Ausf\u00fcllen des Kontaktformulars erfasst. Diese Daten werden in unserer Mailbox gespeichert. Die pers\u00f6nlichen Kontaktdaten werden f\u00fcr die Erbringung von Dienstleistungen aufbewahrt. Die gespeicherten Kontaktdaten werden nicht f\u00fcr Marketingzwecke verwendet.<\/p>\n<h4>Cookies<\/h4>\n<p>Wenn Sie einen Kommentar auf unserer Website hinterlassen, k\u00f6nnen Sie angeben, ob Ihr Name, Ihre E-Mail-Adresse und Ihr Standort in einem Cookie gespeichert werden d\u00fcrfen. Wir tun dies aus Gr\u00fcnden der Bequemlichkeit, damit Sie diese Informationen bei einer neuen Antwort nicht erneut eingeben m\u00fcssen. Diese Cookies sind ein Jahr lang g\u00fcltig.<\/p>\n<p>Wenn Sie unsere Anmeldeseite besuchen, speichern wir ein tempor\u00e4res Cookie, um zu pr\u00fcfen, ob Ihr Browser Cookies akzeptiert. Dieses Cookie enth\u00e4lt keine pers\u00f6nlichen Daten und wird gel\u00f6scht, sobald Sie Ihren Browser schlie\u00dfen.<\/p>\n<p>Wenn Sie sich anmelden, speichern wir einige Cookies in Verbindung mit Ihren Anmeldeinformationen und Bildschirmdarstellungsoptionen. Login-Cookies sind 2 Tage lang g\u00fcltig, Cookies f\u00fcr Bildschirmoptionen sind 1 Jahr lang g\u00fcltig. Wenn Sie &#8222;Remember Me&#8220; w\u00e4hlen, wird Ihr Login f\u00fcr 2 Wochen gespeichert. Sobald Sie sich von Ihrem Konto abmelden, werden die Anmelde-Cookies entfernt.<\/p>\n<p>Wenn Sie eine Nachricht bearbeiten oder ver\u00f6ffentlichen, wird ein zus\u00e4tzliches Cookie von Ihrem Browser gespeichert. Dieses Cookie enth\u00e4lt keine pers\u00f6nlichen Daten, sondern nur die Post-ID des von Ihnen bearbeiteten Artikels. Dieses Cookie verf\u00e4llt nach einem Tag.<\/p>\n<h4>Eingebettete Inhalte von anderen Websites<\/h4>\n<p>Die Beitr\u00e4ge auf dieser Website k\u00f6nnen eingebettete Inhalte (z. B. Videos, Bilder, Nachrichten usw.) enthalten. Eingebettete Inhalte von anderen Websites verhalten sich genau so, als ob der Besucher diese andere Website besucht h\u00e4tte.<\/p>\n<p>Diese Websites k\u00f6nnen Daten \u00fcber Sie sammeln, Cookies verwenden, zus\u00e4tzliche Trackingfunktionen von Drittanbietern einbetten und Ihre Interaktion mit diesen eingebetteten Inhalten \u00fcberwachen, einschlie\u00dflich der Aufzeichnung Ihrer Interaktion mit den eingebetteten Inhalten, wenn Sie ein Konto haben und auf dieser Website angemeldet sind.<\/p>\n<h4>Sicherheitsprotokolle<\/h4>\n<p>Die IP-Adresse von Besuchern, die Benutzer-ID von angemeldeten Benutzern und der Benutzername von Anmeldeversuchen werden bedingt aufgezeichnet, um b\u00f6sartige Aktivit\u00e4ten zu \u00fcberwachen und die Website vor bestimmten Arten von Angriffen zu sch\u00fctzen. Beispiele f\u00fcr Anmeldebedingungen sind Anmeldeversuche, Abmeldeanfragen, Anfragen f\u00fcr verd\u00e4chtige URLs, \u00c4nderungen des Website-Inhalts und Passwortaktualisierungen. Diese Informationen werden 60 Tage lang aufbewahrt.<\/p>\n<h4>Analytik<\/h4>\n<p>Wir bem\u00fchen uns, die Erfahrung, die Sie mit unserer Website machen, so gut und optimal wie m\u00f6glich zu gestalten. Dies ist nur m\u00f6glich, wenn wir wissen, was unsere Besucher auf der Website tun. Und dadurch mehr von dem zu posten, was gef\u00e4llt, und weniger von dem, was nicht gef\u00e4llt.<\/p>\n<p dir=\"ltr\">Zweck: Durch Google Analytics wissen wir, wie Sie auf die Website gekommen sind und wie Sie die Website nutzen. Wir verwenden diese Statistiken, um die Website kontinuierlich zu verbessern, damit Sie unsere Website bestm\u00f6glich nutzen k\u00f6nnen. Dieser Cookie stammt von Google und wird maximal 26 Monate lang gespeichert.<\/p>\n<p dir=\"ltr\">Weitere Informationen: <a href=\"http:\/\/www.google.com\/policies\/privacy\/\" target=\"_blank\" rel=\"noopener noreferrer\">http:\/\/www.google.com\/policies\/privacy\/<\/a><\/p>\n<h3>Mit wem wir Ihre Daten teilen<\/h3>\n<p>Um die von Ihnen gew\u00fcnschten Informationen zug\u00e4nglich zu machen, arbeiten wir mit Dritten zusammen. Denken Sie an einen Website-Administrator, einen Hosting-Partner, eine automatische Telefonverbindung, ein Newsletter-System und eine Verwaltungssoftware. Mit allen Beteiligten wurde eine so genannte Verarbeitervereinbarung geschlossen. Diese Vereinbarung garantiert unter anderem die Sicherheit und die rechtzeitige L\u00f6schung Ihrer pers\u00f6nlichen Daten.<\/p>\n<h3>Wie lange wir Ihre Daten aufbewahren<\/h3>\n<p>Wenn Sie einen Kommentar hinterlassen, werden dieser Kommentar und die Metadaten dieses Kommentars f\u00fcr immer gespeichert. Auf diese Weise k\u00f6nnen wir Folgekommentare automatisch erkennen und freigeben, anstatt sie zu moderieren.<\/p>\n<p>F\u00fcr Benutzer, die sich auf unserer Website registrieren (falls vorhanden), speichern wir auch die pers\u00f6nlichen Daten, die sie in ihrem Benutzerprofil angeben. Alle Nutzer k\u00f6nnen ihre pers\u00f6nlichen Daten jederzeit einsehen, bearbeiten oder l\u00f6schen (sie k\u00f6nnen jedoch ihren Benutzernamen nicht \u00e4ndern). Auch Website-Administratoren k\u00f6nnen diese Informationen einsehen und bearbeiten.<\/p>\n<p>Die Sicherheitsprotokolle werden 60 Tage lang aufbewahrt.<\/p>\n<h3>Welche Rechte Sie an Ihren Daten haben<\/h3>\n<p>Wenn Sie ein Konto auf dieser Website haben oder Kommentare hinterlassen haben, k\u00f6nnen Sie eine exportierte Datei der personenbezogenen Daten anfordern, die wir \u00fcber Sie gespeichert haben, einschlie\u00dflich aller Informationen, die Sie uns zur Verf\u00fcgung gestellt haben. Sie k\u00f6nnen auch verlangen, dass wir alle personenbezogenen Daten, die wir \u00fcber Sie gespeichert haben, l\u00f6schen. Davon ausgenommen sind Daten, die wir aus verwaltungstechnischen, rechtlichen oder sicherheitsrelevanten Gr\u00fcnden aufbewahren m\u00fcssen.<\/p>\n<h3>Wohin wir Ihre Daten senden<\/h3>\n<p>Diese Seite wird vom iThemes Site Scanner auf potentielle Malware und Schwachstellen gescannt. Wir senden keine pers\u00f6nlichen Informationen an den Scanner; allerdings kann der Scanner w\u00e4hrend des Scannens pers\u00f6nliche Informationen finden, die \u00f6ffentlich gepostet wurden (z. B. in Kommentaren).<\/p>\n<h3>Zus\u00e4tzliche Informationen<\/h3>\n<h4>Wie wir Ihre Daten sch\u00fctzen<\/h4>\n<p>Ihre pers\u00f6nlichen Daten sind sicher. Die anvertrauten Daten werden durch technische und administrative Sicherheitsma\u00dfnahmen gesch\u00fctzt, um das Risiko des Verlusts, des Missbrauchs, des unbefugten Zugriffs, der Weitergabe und der Ver\u00e4nderung zu minimieren. Denken Sie an Firewalls, Verschl\u00fcsselung von Daten, sichere Verbindungen und physische und administrative Zugangskontrollen zu Daten und Servern.<\/p>\n<\/div>\n<\/div>\n","protected":false},"excerpt":{"rendered":"<p>Dies ist die Datenschutzerkl\u00e4rung von: The Rembrandt Hoeve mit Sitz in Amsteldijk Noord 127 NL &#8211; 1183 TJ Amstelveen (Niederlande). Bei Fragen oder zur Kontaktaufnahme senden Sie bitte eine E-Mail an rembrandthoeve@live.nl. Welche pers\u00f6nlichen Daten wir sammeln und warum wir sie sammeln Kommentare Wenn Besucher Kommentare auf der Website hinterlassen, erfassen wir die im Kommentarformular [&hellip;]<\/p>\n","protected":false},"author":1,"featured_media":3255,"parent":0,"menu_order":0,"comment_status":"closed","ping_status":"closed","template":"","meta":{"footnotes":""},"class_list":["post-2693","page","type-page","status-publish","has-post-thumbnail","hentry"],"yoast_head":"<!-- This site is optimized with the Yoast SEO plugin v27.4 - https:\/\/yoast.com\/product\/yoast-seo-wordpress\/ -->\n<title>Datenschutzbestimmungen - The Rembrandt Hoeve<\/title>\n<meta name=\"robots\" content=\"noindex, follow\" \/>\n<meta property=\"og:locale\" content=\"de_DE\" \/>\n<meta property=\"og:type\" content=\"article\" \/>\n<meta property=\"og:title\" content=\"Datenschutzbestimmungen - The Rembrandt Hoeve\" \/>\n<meta property=\"og:description\" content=\"Dies ist die Datenschutzerkl\u00e4rung von: The Rembrandt Hoeve mit Sitz in Amsteldijk Noord 127 NL &#8211; 1183 TJ Amstelveen (Niederlande). Bei Fragen oder zur Kontaktaufnahme senden Sie bitte eine E-Mail an rembrandthoeve@live.nl. Welche pers\u00f6nlichen Daten wir sammeln und warum wir sie sammeln Kommentare Wenn Besucher Kommentare auf der Website hinterlassen, erfassen wir die im Kommentarformular [&hellip;]\" \/>\n<meta property=\"og:url\" content=\"https:\/\/rembrandthoeveamsterdam.nl\/de\/datenschutzbestimmungen\/\" \/>\n<meta property=\"og:site_name\" content=\"The Rembrandt Hoeve\" \/>\n<meta name=\"twitter:card\" content=\"summary_large_image\" \/>\n<meta name=\"twitter:label1\" content=\"Gesch\u00e4tzte Lesezeit\" \/>\n\t<meta name=\"twitter:data1\" content=\"5\u00a0Minuten\" \/>\n<script type=\"application\/ld+json\" class=\"yoast-schema-graph\">{\"@context\":\"https:\\\/\\\/schema.org\",\"@graph\":[{\"@type\":\"WebPage\",\"@id\":\"https:\\\/\\\/rembrandthoeveamsterdam.nl\\\/de\\\/datenschutzbestimmungen\\\/\",\"url\":\"https:\\\/\\\/rembrandthoeveamsterdam.nl\\\/de\\\/datenschutzbestimmungen\\\/\",\"name\":\"Datenschutzbestimmungen - The Rembrandt Hoeve\",\"isPartOf\":{\"@id\":\"https:\\\/\\\/rembrandthoeveamsterdam.nl\\\/de\\\/#website\"},\"primaryImageOfPage\":{\"@id\":\"https:\\\/\\\/rembrandthoeveamsterdam.nl\\\/de\\\/datenschutzbestimmungen\\\/#primaryimage\"},\"image\":{\"@id\":\"https:\\\/\\\/rembrandthoeveamsterdam.nl\\\/de\\\/datenschutzbestimmungen\\\/#primaryimage\"},\"thumbnailUrl\":\"https:\\\/\\\/rembrandthoeveamsterdam.nl\\\/wp-content\\\/uploads\\\/2022\\\/07\\\/rudenko-photography-51-e1659012521964.jpg\",\"datePublished\":\"2020-10-21T07:36:29+00:00\",\"breadcrumb\":{\"@id\":\"https:\\\/\\\/rembrandthoeveamsterdam.nl\\\/de\\\/datenschutzbestimmungen\\\/#breadcrumb\"},\"inLanguage\":\"de\",\"potentialAction\":[{\"@type\":\"ReadAction\",\"target\":[\"https:\\\/\\\/rembrandthoeveamsterdam.nl\\\/de\\\/datenschutzbestimmungen\\\/\"]}]},{\"@type\":\"ImageObject\",\"inLanguage\":\"de\",\"@id\":\"https:\\\/\\\/rembrandthoeveamsterdam.nl\\\/de\\\/datenschutzbestimmungen\\\/#primaryimage\",\"url\":\"https:\\\/\\\/rembrandthoeveamsterdam.nl\\\/wp-content\\\/uploads\\\/2022\\\/07\\\/rudenko-photography-51-e1659012521964.jpg\",\"contentUrl\":\"https:\\\/\\\/rembrandthoeveamsterdam.nl\\\/wp-content\\\/uploads\\\/2022\\\/07\\\/rudenko-photography-51-e1659012521964.jpg\",\"width\":1600,\"height\":652},{\"@type\":\"BreadcrumbList\",\"@id\":\"https:\\\/\\\/rembrandthoeveamsterdam.nl\\\/de\\\/datenschutzbestimmungen\\\/#breadcrumb\",\"itemListElement\":[{\"@type\":\"ListItem\",\"position\":1,\"name\":\"Home\",\"item\":\"https:\\\/\\\/rembrandthoeveamsterdam.nl\\\/de\\\/startseite\\\/\"},{\"@type\":\"ListItem\",\"position\":2,\"name\":\"Datenschutzbestimmungen\"}]},{\"@type\":\"WebSite\",\"@id\":\"https:\\\/\\\/rembrandthoeveamsterdam.nl\\\/de\\\/#website\",\"url\":\"https:\\\/\\\/rembrandthoeveamsterdam.nl\\\/de\\\/\",\"name\":\"The Rembrandt Hoeve\",\"description\":\"Cheesefarm &amp; Clog factory in Amsterdam\",\"publisher\":{\"@id\":\"https:\\\/\\\/rembrandthoeveamsterdam.nl\\\/de\\\/#organization\"},\"potentialAction\":[{\"@type\":\"SearchAction\",\"target\":{\"@type\":\"EntryPoint\",\"urlTemplate\":\"https:\\\/\\\/rembrandthoeveamsterdam.nl\\\/de\\\/?s={search_term_string}\"},\"query-input\":{\"@type\":\"PropertyValueSpecification\",\"valueRequired\":true,\"valueName\":\"search_term_string\"}}],\"inLanguage\":\"de\"},{\"@type\":\"Organization\",\"@id\":\"https:\\\/\\\/rembrandthoeveamsterdam.nl\\\/de\\\/#organization\",\"name\":\"The Rembrandt Hoeve\",\"url\":\"https:\\\/\\\/rembrandthoeveamsterdam.nl\\\/de\\\/\",\"logo\":{\"@type\":\"ImageObject\",\"inLanguage\":\"de\",\"@id\":\"https:\\\/\\\/rembrandthoeveamsterdam.nl\\\/de\\\/#\\\/schema\\\/logo\\\/image\\\/\",\"url\":\"https:\\\/\\\/rembrandthoeveamsterdam.nl\\\/wp-content\\\/uploads\\\/2020\\\/10\\\/logo-2.png\",\"contentUrl\":\"https:\\\/\\\/rembrandthoeveamsterdam.nl\\\/wp-content\\\/uploads\\\/2020\\\/10\\\/logo-2.png\",\"width\":222,\"height\":121,\"caption\":\"The Rembrandt Hoeve\"},\"image\":{\"@id\":\"https:\\\/\\\/rembrandthoeveamsterdam.nl\\\/de\\\/#\\\/schema\\\/logo\\\/image\\\/\"}}]}<\/script>\n<!-- \/ Yoast SEO plugin. -->","yoast_head_json":{"title":"Datenschutzbestimmungen - The Rembrandt Hoeve","robots":{"index":"noindex","follow":"follow"},"og_locale":"de_DE","og_type":"article","og_title":"Datenschutzbestimmungen - The Rembrandt Hoeve","og_description":"Dies ist die Datenschutzerkl\u00e4rung von: The Rembrandt Hoeve mit Sitz in Amsteldijk Noord 127 NL &#8211; 1183 TJ Amstelveen (Niederlande). Bei Fragen oder zur Kontaktaufnahme senden Sie bitte eine E-Mail an rembrandthoeve@live.nl. Welche pers\u00f6nlichen Daten wir sammeln und warum wir sie sammeln Kommentare Wenn Besucher Kommentare auf der Website hinterlassen, erfassen wir die im Kommentarformular [&hellip;]","og_url":"https:\/\/rembrandthoeveamsterdam.nl\/de\/datenschutzbestimmungen\/","og_site_name":"The Rembrandt Hoeve","twitter_card":"summary_large_image","twitter_misc":{"Gesch\u00e4tzte Lesezeit":"5\u00a0Minuten"},"schema":{"@context":"https:\/\/schema.org","@graph":[{"@type":"WebPage","@id":"https:\/\/rembrandthoeveamsterdam.nl\/de\/datenschutzbestimmungen\/","url":"https:\/\/rembrandthoeveamsterdam.nl\/de\/datenschutzbestimmungen\/","name":"Datenschutzbestimmungen - The Rembrandt Hoeve","isPartOf":{"@id":"https:\/\/rembrandthoeveamsterdam.nl\/de\/#website"},"primaryImageOfPage":{"@id":"https:\/\/rembrandthoeveamsterdam.nl\/de\/datenschutzbestimmungen\/#primaryimage"},"image":{"@id":"https:\/\/rembrandthoeveamsterdam.nl\/de\/datenschutzbestimmungen\/#primaryimage"},"thumbnailUrl":"https:\/\/rembrandthoeveamsterdam.nl\/wp-content\/uploads\/2022\/07\/rudenko-photography-51-e1659012521964.jpg","datePublished":"2020-10-21T07:36:29+00:00","breadcrumb":{"@id":"https:\/\/rembrandthoeveamsterdam.nl\/de\/datenschutzbestimmungen\/#breadcrumb"},"inLanguage":"de","potentialAction":[{"@type":"ReadAction","target":["https:\/\/rembrandthoeveamsterdam.nl\/de\/datenschutzbestimmungen\/"]}]},{"@type":"ImageObject","inLanguage":"de","@id":"https:\/\/rembrandthoeveamsterdam.nl\/de\/datenschutzbestimmungen\/#primaryimage","url":"https:\/\/rembrandthoeveamsterdam.nl\/wp-content\/uploads\/2022\/07\/rudenko-photography-51-e1659012521964.jpg","contentUrl":"https:\/\/rembrandthoeveamsterdam.nl\/wp-content\/uploads\/2022\/07\/rudenko-photography-51-e1659012521964.jpg","width":1600,"height":652},{"@type":"BreadcrumbList","@id":"https:\/\/rembrandthoeveamsterdam.nl\/de\/datenschutzbestimmungen\/#breadcrumb","itemListElement":[{"@type":"ListItem","position":1,"name":"Home","item":"https:\/\/rembrandthoeveamsterdam.nl\/de\/startseite\/"},{"@type":"ListItem","position":2,"name":"Datenschutzbestimmungen"}]},{"@type":"WebSite","@id":"https:\/\/rembrandthoeveamsterdam.nl\/de\/#website","url":"https:\/\/rembrandthoeveamsterdam.nl\/de\/","name":"The Rembrandt Hoeve","description":"Cheesefarm &amp; Clog factory in Amsterdam","publisher":{"@id":"https:\/\/rembrandthoeveamsterdam.nl\/de\/#organization"},"potentialAction":[{"@type":"SearchAction","target":{"@type":"EntryPoint","urlTemplate":"https:\/\/rembrandthoeveamsterdam.nl\/de\/?s={search_term_string}"},"query-input":{"@type":"PropertyValueSpecification","valueRequired":true,"valueName":"search_term_string"}}],"inLanguage":"de"},{"@type":"Organization","@id":"https:\/\/rembrandthoeveamsterdam.nl\/de\/#organization","name":"The Rembrandt Hoeve","url":"https:\/\/rembrandthoeveamsterdam.nl\/de\/","logo":{"@type":"ImageObject","inLanguage":"de","@id":"https:\/\/rembrandthoeveamsterdam.nl\/de\/#\/schema\/logo\/image\/","url":"https:\/\/rembrandthoeveamsterdam.nl\/wp-content\/uploads\/2020\/10\/logo-2.png","contentUrl":"https:\/\/rembrandthoeveamsterdam.nl\/wp-content\/uploads\/2020\/10\/logo-2.png","width":222,"height":121,"caption":"The Rembrandt Hoeve"},"image":{"@id":"https:\/\/rembrandthoeveamsterdam.nl\/de\/#\/schema\/logo\/image\/"}}]}},"_links":{"self":[{"href":"https:\/\/rembrandthoeveamsterdam.nl\/de\/wp-json\/wp\/v2\/pages\/2693","targetHints":{"allow":["GET"]}}],"collection":[{"href":"https:\/\/rembrandthoeveamsterdam.nl\/de\/wp-json\/wp\/v2\/pages"}],"about":[{"href":"https:\/\/rembrandthoeveamsterdam.nl\/de\/wp-json\/wp\/v2\/types\/page"}],"author":[{"embeddable":true,"href":"https:\/\/rembrandthoeveamsterdam.nl\/de\/wp-json\/wp\/v2\/users\/1"}],"replies":[{"embeddable":true,"href":"https:\/\/rembrandthoeveamsterdam.nl\/de\/wp-json\/wp\/v2\/comments?post=2693"}],"version-history":[{"count":0,"href":"https:\/\/rembrandthoeveamsterdam.nl\/de\/wp-json\/wp\/v2\/pages\/2693\/revisions"}],"wp:featuredmedia":[{"embeddable":true,"href":"https:\/\/rembrandthoeveamsterdam.nl\/de\/wp-json\/wp\/v2\/media\/3255"}],"wp:attachment":[{"href":"https:\/\/rembrandthoeveamsterdam.nl\/de\/wp-json\/wp\/v2\/media?parent=2693"}],"curies":[{"name":"wp","href":"https:\/\/api.w.org\/{rel}","templated":true}]}}