{"id":2774,"date":"2022-07-05T14:22:26","date_gmt":"2022-07-05T14:22:26","guid":{"rendered":"https:\/\/rembrandthoeve.templ8.nl\/traesko-sko-af-trae\/"},"modified":"2022-07-28T12:52:08","modified_gmt":"2022-07-28T12:52:08","slug":"traesko-sko-af-trae","status":"publish","type":"page","link":"https:\/\/rembrandthoeveamsterdam.nl\/da\/traesko-sko-af-trae\/","title":{"rendered":"Tr\u00e6sko\/sko af tr\u00e6"},"content":{"rendered":"<p>Dygtige h\u00e6nder sk\u00e6rer de gamle hollandske tr\u00e6sko ud af en tr\u00e6blok: ligesom i gamle dage. Vil du gerne pr\u00f8ve et par tr\u00e6sko? Det er en del af vores tradition. Butikken tilbyder dig et bredt udvalg af tr\u00e6sko: fra enkle til meget farverige sko, for enhver smag har vi den rigtige farve og det rigtige design. Hvis du er p\u00e5 udkig efter noget s\u00e6rligt: Vi kan indgravere dit navn i din egen tr\u00e6sko, du vil blive overrasket!<\/p>\n","protected":false},"excerpt":{"rendered":"<p>Dygtige h\u00e6nder sk\u00e6rer de gamle hollandske tr\u00e6sko ud af en tr\u00e6blok: ligesom i gamle dage. Vil du gerne pr\u00f8ve et par tr\u00e6sko? Det er en del af vores tradition. Butikken tilbyder dig et bredt udvalg af tr\u00e6sko: fra enkle til meget farverige sko, for enhver smag har vi den rigtige farve og det rigtige design. [&hellip;]<\/p>\n","protected":false},"author":1,"featured_media":2458,"parent":0,"menu_order":0,"comment_status":"closed","ping_status":"closed","template":"","meta":{"footnotes":""},"class_list":["post-2774","page","type-page","status-publish","has-post-thumbnail","hentry"],"yoast_head":"<!-- This site is optimized with the Yoast SEO plugin v27.4 - https:\/\/yoast.com\/product\/yoast-seo-wordpress\/ -->\n<title>Tr\u00e6sko\/sko af tr\u00e6 - The Rembrandt Hoeve<\/title>\n<meta name=\"robots\" content=\"index, follow, max-snippet:-1, max-image-preview:large, max-video-preview:-1\" \/>\n<link rel=\"canonical\" href=\"https:\/\/rembrandthoeveamsterdam.nl\/da\/traesko-sko-af-trae\/\" \/>\n<meta property=\"og:locale\" content=\"da_DK\" \/>\n<meta property=\"og:type\" content=\"article\" \/>\n<meta property=\"og:title\" content=\"Tr\u00e6sko\/sko af tr\u00e6 - The Rembrandt Hoeve\" \/>\n<meta property=\"og:description\" content=\"Dygtige h\u00e6nder sk\u00e6rer de gamle hollandske tr\u00e6sko ud af en tr\u00e6blok: ligesom i gamle dage. Vil du gerne pr\u00f8ve et par tr\u00e6sko? Det er en del af vores tradition. Butikken tilbyder dig et bredt udvalg af tr\u00e6sko: fra enkle til meget farverige sko, for enhver smag har vi den rigtige farve og det rigtige design. [&hellip;]\" \/>\n<meta property=\"og:url\" content=\"https:\/\/rembrandthoeveamsterdam.nl\/da\/traesko-sko-af-trae\/\" \/>\n<meta property=\"og:site_name\" content=\"The Rembrandt Hoeve\" \/>\n<meta property=\"article:modified_time\" content=\"2022-07-28T12:52:08+00:00\" \/>\n<meta property=\"og:image\" content=\"https:\/\/rembrandthoeveamsterdam.nl\/wp-content\/uploads\/2022\/06\/rudenko-photography-34.jpg\" \/>\n\t<meta property=\"og:image:width\" content=\"1600\" \/>\n\t<meta property=\"og:image:height\" content=\"1200\" \/>\n\t<meta property=\"og:image:type\" content=\"image\/jpeg\" \/>\n<meta name=\"twitter:card\" content=\"summary_large_image\" \/>\n<meta name=\"twitter:label1\" content=\"Estimeret l\u00e6setid\" \/>\n\t<meta name=\"twitter:data1\" content=\"1 minut\" \/>\n<script type=\"application\/ld+json\" class=\"yoast-schema-graph\">{\"@context\":\"https:\\\/\\\/schema.org\",\"@graph\":[{\"@type\":\"WebPage\",\"@id\":\"https:\\\/\\\/rembrandthoeveamsterdam.nl\\\/da\\\/traesko-sko-af-trae\\\/\",\"url\":\"https:\\\/\\\/rembrandthoeveamsterdam.nl\\\/da\\\/traesko-sko-af-trae\\\/\",\"name\":\"Tr\u00e6sko\\\/sko af tr\u00e6 - The Rembrandt Hoeve\",\"isPartOf\":{\"@id\":\"https:\\\/\\\/rembrandthoeveamsterdam.nl\\\/da\\\/#website\"},\"primaryImageOfPage\":{\"@id\":\"https:\\\/\\\/rembrandthoeveamsterdam.nl\\\/da\\\/traesko-sko-af-trae\\\/#primaryimage\"},\"image\":{\"@id\":\"https:\\\/\\\/rembrandthoeveamsterdam.nl\\\/da\\\/traesko-sko-af-trae\\\/#primaryimage\"},\"thumbnailUrl\":\"https:\\\/\\\/rembrandthoeveamsterdam.nl\\\/wp-content\\\/uploads\\\/2022\\\/06\\\/rudenko-photography-34.jpg\",\"datePublished\":\"2022-07-05T14:22:26+00:00\",\"dateModified\":\"2022-07-28T12:52:08+00:00\",\"breadcrumb\":{\"@id\":\"https:\\\/\\\/rembrandthoeveamsterdam.nl\\\/da\\\/traesko-sko-af-trae\\\/#breadcrumb\"},\"inLanguage\":\"da-DK\",\"potentialAction\":[{\"@type\":\"ReadAction\",\"target\":[\"https:\\\/\\\/rembrandthoeveamsterdam.nl\\\/da\\\/traesko-sko-af-trae\\\/\"]}]},{\"@type\":\"ImageObject\",\"inLanguage\":\"da-DK\",\"@id\":\"https:\\\/\\\/rembrandthoeveamsterdam.nl\\\/da\\\/traesko-sko-af-trae\\\/#primaryimage\",\"url\":\"https:\\\/\\\/rembrandthoeveamsterdam.nl\\\/wp-content\\\/uploads\\\/2022\\\/06\\\/rudenko-photography-34.jpg\",\"contentUrl\":\"https:\\\/\\\/rembrandthoeveamsterdam.nl\\\/wp-content\\\/uploads\\\/2022\\\/06\\\/rudenko-photography-34.jpg\",\"width\":1600,\"height\":1200},{\"@type\":\"BreadcrumbList\",\"@id\":\"https:\\\/\\\/rembrandthoeveamsterdam.nl\\\/da\\\/traesko-sko-af-trae\\\/#breadcrumb\",\"itemListElement\":[{\"@type\":\"ListItem\",\"position\":1,\"name\":\"Home\",\"item\":\"https:\\\/\\\/rembrandthoeveamsterdam.nl\\\/da\\\/hjem\\\/\"},{\"@type\":\"ListItem\",\"position\":2,\"name\":\"Tr\u00e6sko\\\/sko af tr\u00e6\"}]},{\"@type\":\"WebSite\",\"@id\":\"https:\\\/\\\/rembrandthoeveamsterdam.nl\\\/da\\\/#website\",\"url\":\"https:\\\/\\\/rembrandthoeveamsterdam.nl\\\/da\\\/\",\"name\":\"The Rembrandt Hoeve\",\"description\":\"Cheesefarm &amp; Clog factory in Amsterdam\",\"publisher\":{\"@id\":\"https:\\\/\\\/rembrandthoeveamsterdam.nl\\\/da\\\/#organization\"},\"potentialAction\":[{\"@type\":\"SearchAction\",\"target\":{\"@type\":\"EntryPoint\",\"urlTemplate\":\"https:\\\/\\\/rembrandthoeveamsterdam.nl\\\/da\\\/?s={search_term_string}\"},\"query-input\":{\"@type\":\"PropertyValueSpecification\",\"valueRequired\":true,\"valueName\":\"search_term_string\"}}],\"inLanguage\":\"da-DK\"},{\"@type\":\"Organization\",\"@id\":\"https:\\\/\\\/rembrandthoeveamsterdam.nl\\\/da\\\/#organization\",\"name\":\"The Rembrandt Hoeve\",\"url\":\"https:\\\/\\\/rembrandthoeveamsterdam.nl\\\/da\\\/\",\"logo\":{\"@type\":\"ImageObject\",\"inLanguage\":\"da-DK\",\"@id\":\"https:\\\/\\\/rembrandthoeveamsterdam.nl\\\/da\\\/#\\\/schema\\\/logo\\\/image\\\/\",\"url\":\"https:\\\/\\\/rembrandthoeveamsterdam.nl\\\/wp-content\\\/uploads\\\/2020\\\/10\\\/logo-2.png\",\"contentUrl\":\"https:\\\/\\\/rembrandthoeveamsterdam.nl\\\/wp-content\\\/uploads\\\/2020\\\/10\\\/logo-2.png\",\"width\":222,\"height\":121,\"caption\":\"The Rembrandt Hoeve\"},\"image\":{\"@id\":\"https:\\\/\\\/rembrandthoeveamsterdam.nl\\\/da\\\/#\\\/schema\\\/logo\\\/image\\\/\"}}]}<\/script>\n<!-- \/ Yoast SEO plugin. -->","yoast_head_json":{"title":"Tr\u00e6sko\/sko af tr\u00e6 - The Rembrandt Hoeve","robots":{"index":"index","follow":"follow","max-snippet":"max-snippet:-1","max-image-preview":"max-image-preview:large","max-video-preview":"max-video-preview:-1"},"canonical":"https:\/\/rembrandthoeveamsterdam.nl\/da\/traesko-sko-af-trae\/","og_locale":"da_DK","og_type":"article","og_title":"Tr\u00e6sko\/sko af tr\u00e6 - The Rembrandt Hoeve","og_description":"Dygtige h\u00e6nder sk\u00e6rer de gamle hollandske tr\u00e6sko ud af en tr\u00e6blok: ligesom i gamle dage. Vil du gerne pr\u00f8ve et par tr\u00e6sko? Det er en del af vores tradition. Butikken tilbyder dig et bredt udvalg af tr\u00e6sko: fra enkle til meget farverige sko, for enhver smag har vi den rigtige farve og det rigtige design. [&hellip;]","og_url":"https:\/\/rembrandthoeveamsterdam.nl\/da\/traesko-sko-af-trae\/","og_site_name":"The Rembrandt Hoeve","article_modified_time":"2022-07-28T12:52:08+00:00","og_image":[{"width":1600,"height":1200,"url":"https:\/\/rembrandthoeveamsterdam.nl\/wp-content\/uploads\/2022\/06\/rudenko-photography-34.jpg","type":"image\/jpeg"}],"twitter_card":"summary_large_image","twitter_misc":{"Estimeret l\u00e6setid":"1 minut"},"schema":{"@context":"https:\/\/schema.org","@graph":[{"@type":"WebPage","@id":"https:\/\/rembrandthoeveamsterdam.nl\/da\/traesko-sko-af-trae\/","url":"https:\/\/rembrandthoeveamsterdam.nl\/da\/traesko-sko-af-trae\/","name":"Tr\u00e6sko\/sko af tr\u00e6 - The Rembrandt Hoeve","isPartOf":{"@id":"https:\/\/rembrandthoeveamsterdam.nl\/da\/#website"},"primaryImageOfPage":{"@id":"https:\/\/rembrandthoeveamsterdam.nl\/da\/traesko-sko-af-trae\/#primaryimage"},"image":{"@id":"https:\/\/rembrandthoeveamsterdam.nl\/da\/traesko-sko-af-trae\/#primaryimage"},"thumbnailUrl":"https:\/\/rembrandthoeveamsterdam.nl\/wp-content\/uploads\/2022\/06\/rudenko-photography-34.jpg","datePublished":"2022-07-05T14:22:26+00:00","dateModified":"2022-07-28T12:52:08+00:00","breadcrumb":{"@id":"https:\/\/rembrandthoeveamsterdam.nl\/da\/traesko-sko-af-trae\/#breadcrumb"},"inLanguage":"da-DK","potentialAction":[{"@type":"ReadAction","target":["https:\/\/rembrandthoeveamsterdam.nl\/da\/traesko-sko-af-trae\/"]}]},{"@type":"ImageObject","inLanguage":"da-DK","@id":"https:\/\/rembrandthoeveamsterdam.nl\/da\/traesko-sko-af-trae\/#primaryimage","url":"https:\/\/rembrandthoeveamsterdam.nl\/wp-content\/uploads\/2022\/06\/rudenko-photography-34.jpg","contentUrl":"https:\/\/rembrandthoeveamsterdam.nl\/wp-content\/uploads\/2022\/06\/rudenko-photography-34.jpg","width":1600,"height":1200},{"@type":"BreadcrumbList","@id":"https:\/\/rembrandthoeveamsterdam.nl\/da\/traesko-sko-af-trae\/#breadcrumb","itemListElement":[{"@type":"ListItem","position":1,"name":"Home","item":"https:\/\/rembrandthoeveamsterdam.nl\/da\/hjem\/"},{"@type":"ListItem","position":2,"name":"Tr\u00e6sko\/sko af tr\u00e6"}]},{"@type":"WebSite","@id":"https:\/\/rembrandthoeveamsterdam.nl\/da\/#website","url":"https:\/\/rembrandthoeveamsterdam.nl\/da\/","name":"The Rembrandt Hoeve","description":"Cheesefarm &amp; Clog factory in Amsterdam","publisher":{"@id":"https:\/\/rembrandthoeveamsterdam.nl\/da\/#organization"},"potentialAction":[{"@type":"SearchAction","target":{"@type":"EntryPoint","urlTemplate":"https:\/\/rembrandthoeveamsterdam.nl\/da\/?s={search_term_string}"},"query-input":{"@type":"PropertyValueSpecification","valueRequired":true,"valueName":"search_term_string"}}],"inLanguage":"da-DK"},{"@type":"Organization","@id":"https:\/\/rembrandthoeveamsterdam.nl\/da\/#organization","name":"The Rembrandt Hoeve","url":"https:\/\/rembrandthoeveamsterdam.nl\/da\/","logo":{"@type":"ImageObject","inLanguage":"da-DK","@id":"https:\/\/rembrandthoeveamsterdam.nl\/da\/#\/schema\/logo\/image\/","url":"https:\/\/rembrandthoeveamsterdam.nl\/wp-content\/uploads\/2020\/10\/logo-2.png","contentUrl":"https:\/\/rembrandthoeveamsterdam.nl\/wp-content\/uploads\/2020\/10\/logo-2.png","width":222,"height":121,"caption":"The Rembrandt Hoeve"},"image":{"@id":"https:\/\/rembrandthoeveamsterdam.nl\/da\/#\/schema\/logo\/image\/"}}]}},"_links":{"self":[{"href":"https:\/\/rembrandthoeveamsterdam.nl\/da\/wp-json\/wp\/v2\/pages\/2774","targetHints":{"allow":["GET"]}}],"collection":[{"href":"https:\/\/rembrandthoeveamsterdam.nl\/da\/wp-json\/wp\/v2\/pages"}],"about":[{"href":"https:\/\/rembrandthoeveamsterdam.nl\/da\/wp-json\/wp\/v2\/types\/page"}],"author":[{"embeddable":true,"href":"https:\/\/rembrandthoeveamsterdam.nl\/da\/wp-json\/wp\/v2\/users\/1"}],"replies":[{"embeddable":true,"href":"https:\/\/rembrandthoeveamsterdam.nl\/da\/wp-json\/wp\/v2\/comments?post=2774"}],"version-history":[{"count":0,"href":"https:\/\/rembrandthoeveamsterdam.nl\/da\/wp-json\/wp\/v2\/pages\/2774\/revisions"}],"wp:featuredmedia":[{"embeddable":true,"href":"https:\/\/rembrandthoeveamsterdam.nl\/da\/wp-json\/wp\/v2\/media\/2458"}],"wp:attachment":[{"href":"https:\/\/rembrandthoeveamsterdam.nl\/da\/wp-json\/wp\/v2\/media?parent=2774"}],"curies":[{"name":"wp","href":"https:\/\/api.w.org\/{rel}","templated":true}]}}