{"id":2735,"date":"2022-07-05T14:22:16","date_gmt":"2022-07-05T14:22:16","guid":{"rendered":"https:\/\/rembrandthoeve.templ8.nl\/ost\/"},"modified":"2022-07-28T12:51:50","modified_gmt":"2022-07-28T12:51:50","slug":"ost","status":"publish","type":"page","link":"https:\/\/rembrandthoeveamsterdam.nl\/da\/ost\/","title":{"rendered":"Ost"},"content":{"rendered":"<p>P\u00e5 Rembrandthoeve bliver du taget tilbage i tiden for en stund: den ber\u00f8mte hollandske Gouda-ost fremstilles stadig p\u00e5 traditionel vis. Under en rundvisning viser landmanden Roel dig, hvorfor denne ost smager s\u00e5 godt, og hvorfor holl\u00e6nderne er s\u00e5 gode til at lave ost! Du vil blive overrasket over, at denne traditionelle m\u00e5de at fremstille ost p\u00e5 ikke har forhindret Roel i at skabe nye ostesmagsvarianter ved siden af den traditionelle Gouda-ost:<\/p>\n<p>Hvidl\u00f8g og purl\u00f8g, som passer perfekt til et glas vin. Pepperoni til dem, der elsker st\u00e6rke peberfrugter. Hele mosterfr\u00f8 til en typisk hollandsk sandwich. Rygeost med skinke, perfekt til et glas \u00f8l. Og det bedste er endnu ikke kommet: Du kan smage alle de forskellige smagsvarianter af osten, som du kan k\u00f8be bagefter. En perfekt afslutning p\u00e5 et bes\u00f8g i Rembrandt Hoeve.<\/p>\n","protected":false},"excerpt":{"rendered":"<p>P\u00e5 Rembrandthoeve bliver du taget tilbage i tiden for en stund: den ber\u00f8mte hollandske Gouda-ost fremstilles stadig p\u00e5 traditionel vis. Under en rundvisning viser landmanden Roel dig, hvorfor denne ost smager s\u00e5 godt, og hvorfor holl\u00e6nderne er s\u00e5 gode til at lave ost! Du vil blive overrasket over, at denne traditionelle m\u00e5de at fremstille ost [&hellip;]<\/p>\n","protected":false},"author":1,"featured_media":2602,"parent":0,"menu_order":0,"comment_status":"closed","ping_status":"closed","template":"","meta":{"footnotes":""},"class_list":["post-2735","page","type-page","status-publish","has-post-thumbnail","hentry"],"yoast_head":"<!-- This site is optimized with the Yoast SEO plugin v27.4 - https:\/\/yoast.com\/product\/yoast-seo-wordpress\/ -->\n<title>Ost - The Rembrandt Hoeve<\/title>\n<meta name=\"robots\" content=\"index, follow, max-snippet:-1, max-image-preview:large, max-video-preview:-1\" \/>\n<link rel=\"canonical\" href=\"https:\/\/rembrandthoeveamsterdam.nl\/da\/ost\/\" \/>\n<meta property=\"og:locale\" content=\"da_DK\" \/>\n<meta property=\"og:type\" content=\"article\" \/>\n<meta property=\"og:title\" content=\"Ost - The Rembrandt Hoeve\" \/>\n<meta property=\"og:description\" content=\"P\u00e5 Rembrandthoeve bliver du taget tilbage i tiden for en stund: den ber\u00f8mte hollandske Gouda-ost fremstilles stadig p\u00e5 traditionel vis. Under en rundvisning viser landmanden Roel dig, hvorfor denne ost smager s\u00e5 godt, og hvorfor holl\u00e6nderne er s\u00e5 gode til at lave ost! Du vil blive overrasket over, at denne traditionelle m\u00e5de at fremstille ost [&hellip;]\" \/>\n<meta property=\"og:url\" content=\"https:\/\/rembrandthoeveamsterdam.nl\/da\/ost\/\" \/>\n<meta property=\"og:site_name\" content=\"The Rembrandt Hoeve\" \/>\n<meta property=\"article:modified_time\" content=\"2022-07-28T12:51:50+00:00\" \/>\n<meta property=\"og:image\" content=\"https:\/\/rembrandthoeveamsterdam.nl\/wp-content\/uploads\/2022\/07\/rudenko-photography-41.jpg\" \/>\n\t<meta property=\"og:image:width\" content=\"1600\" \/>\n\t<meta property=\"og:image:height\" content=\"1200\" \/>\n\t<meta property=\"og:image:type\" content=\"image\/jpeg\" \/>\n<meta name=\"twitter:card\" content=\"summary_large_image\" \/>\n<meta name=\"twitter:label1\" content=\"Estimeret l\u00e6setid\" \/>\n\t<meta name=\"twitter:data1\" content=\"1 minut\" \/>\n<script type=\"application\/ld+json\" class=\"yoast-schema-graph\">{\"@context\":\"https:\\\/\\\/schema.org\",\"@graph\":[{\"@type\":\"WebPage\",\"@id\":\"https:\\\/\\\/rembrandthoeveamsterdam.nl\\\/da\\\/ost\\\/\",\"url\":\"https:\\\/\\\/rembrandthoeveamsterdam.nl\\\/da\\\/ost\\\/\",\"name\":\"Ost - The Rembrandt Hoeve\",\"isPartOf\":{\"@id\":\"https:\\\/\\\/rembrandthoeveamsterdam.nl\\\/da\\\/#website\"},\"primaryImageOfPage\":{\"@id\":\"https:\\\/\\\/rembrandthoeveamsterdam.nl\\\/da\\\/ost\\\/#primaryimage\"},\"image\":{\"@id\":\"https:\\\/\\\/rembrandthoeveamsterdam.nl\\\/da\\\/ost\\\/#primaryimage\"},\"thumbnailUrl\":\"https:\\\/\\\/rembrandthoeveamsterdam.nl\\\/wp-content\\\/uploads\\\/2022\\\/07\\\/rudenko-photography-41.jpg\",\"datePublished\":\"2022-07-05T14:22:16+00:00\",\"dateModified\":\"2022-07-28T12:51:50+00:00\",\"breadcrumb\":{\"@id\":\"https:\\\/\\\/rembrandthoeveamsterdam.nl\\\/da\\\/ost\\\/#breadcrumb\"},\"inLanguage\":\"da-DK\",\"potentialAction\":[{\"@type\":\"ReadAction\",\"target\":[\"https:\\\/\\\/rembrandthoeveamsterdam.nl\\\/da\\\/ost\\\/\"]}]},{\"@type\":\"ImageObject\",\"inLanguage\":\"da-DK\",\"@id\":\"https:\\\/\\\/rembrandthoeveamsterdam.nl\\\/da\\\/ost\\\/#primaryimage\",\"url\":\"https:\\\/\\\/rembrandthoeveamsterdam.nl\\\/wp-content\\\/uploads\\\/2022\\\/07\\\/rudenko-photography-41.jpg\",\"contentUrl\":\"https:\\\/\\\/rembrandthoeveamsterdam.nl\\\/wp-content\\\/uploads\\\/2022\\\/07\\\/rudenko-photography-41.jpg\",\"width\":1600,\"height\":1200},{\"@type\":\"BreadcrumbList\",\"@id\":\"https:\\\/\\\/rembrandthoeveamsterdam.nl\\\/da\\\/ost\\\/#breadcrumb\",\"itemListElement\":[{\"@type\":\"ListItem\",\"position\":1,\"name\":\"Home\",\"item\":\"https:\\\/\\\/rembrandthoeveamsterdam.nl\\\/da\\\/hjem\\\/\"},{\"@type\":\"ListItem\",\"position\":2,\"name\":\"Ost\"}]},{\"@type\":\"WebSite\",\"@id\":\"https:\\\/\\\/rembrandthoeveamsterdam.nl\\\/da\\\/#website\",\"url\":\"https:\\\/\\\/rembrandthoeveamsterdam.nl\\\/da\\\/\",\"name\":\"The Rembrandt Hoeve\",\"description\":\"Cheesefarm &amp; Clog factory in Amsterdam\",\"publisher\":{\"@id\":\"https:\\\/\\\/rembrandthoeveamsterdam.nl\\\/da\\\/#organization\"},\"potentialAction\":[{\"@type\":\"SearchAction\",\"target\":{\"@type\":\"EntryPoint\",\"urlTemplate\":\"https:\\\/\\\/rembrandthoeveamsterdam.nl\\\/da\\\/?s={search_term_string}\"},\"query-input\":{\"@type\":\"PropertyValueSpecification\",\"valueRequired\":true,\"valueName\":\"search_term_string\"}}],\"inLanguage\":\"da-DK\"},{\"@type\":\"Organization\",\"@id\":\"https:\\\/\\\/rembrandthoeveamsterdam.nl\\\/da\\\/#organization\",\"name\":\"The Rembrandt Hoeve\",\"url\":\"https:\\\/\\\/rembrandthoeveamsterdam.nl\\\/da\\\/\",\"logo\":{\"@type\":\"ImageObject\",\"inLanguage\":\"da-DK\",\"@id\":\"https:\\\/\\\/rembrandthoeveamsterdam.nl\\\/da\\\/#\\\/schema\\\/logo\\\/image\\\/\",\"url\":\"https:\\\/\\\/rembrandthoeveamsterdam.nl\\\/wp-content\\\/uploads\\\/2020\\\/10\\\/logo-2.png\",\"contentUrl\":\"https:\\\/\\\/rembrandthoeveamsterdam.nl\\\/wp-content\\\/uploads\\\/2020\\\/10\\\/logo-2.png\",\"width\":222,\"height\":121,\"caption\":\"The Rembrandt Hoeve\"},\"image\":{\"@id\":\"https:\\\/\\\/rembrandthoeveamsterdam.nl\\\/da\\\/#\\\/schema\\\/logo\\\/image\\\/\"}}]}<\/script>\n<!-- \/ Yoast SEO plugin. -->","yoast_head_json":{"title":"Ost - The Rembrandt Hoeve","robots":{"index":"index","follow":"follow","max-snippet":"max-snippet:-1","max-image-preview":"max-image-preview:large","max-video-preview":"max-video-preview:-1"},"canonical":"https:\/\/rembrandthoeveamsterdam.nl\/da\/ost\/","og_locale":"da_DK","og_type":"article","og_title":"Ost - The Rembrandt Hoeve","og_description":"P\u00e5 Rembrandthoeve bliver du taget tilbage i tiden for en stund: den ber\u00f8mte hollandske Gouda-ost fremstilles stadig p\u00e5 traditionel vis. Under en rundvisning viser landmanden Roel dig, hvorfor denne ost smager s\u00e5 godt, og hvorfor holl\u00e6nderne er s\u00e5 gode til at lave ost! Du vil blive overrasket over, at denne traditionelle m\u00e5de at fremstille ost [&hellip;]","og_url":"https:\/\/rembrandthoeveamsterdam.nl\/da\/ost\/","og_site_name":"The Rembrandt Hoeve","article_modified_time":"2022-07-28T12:51:50+00:00","og_image":[{"width":1600,"height":1200,"url":"https:\/\/rembrandthoeveamsterdam.nl\/wp-content\/uploads\/2022\/07\/rudenko-photography-41.jpg","type":"image\/jpeg"}],"twitter_card":"summary_large_image","twitter_misc":{"Estimeret l\u00e6setid":"1 minut"},"schema":{"@context":"https:\/\/schema.org","@graph":[{"@type":"WebPage","@id":"https:\/\/rembrandthoeveamsterdam.nl\/da\/ost\/","url":"https:\/\/rembrandthoeveamsterdam.nl\/da\/ost\/","name":"Ost - The Rembrandt Hoeve","isPartOf":{"@id":"https:\/\/rembrandthoeveamsterdam.nl\/da\/#website"},"primaryImageOfPage":{"@id":"https:\/\/rembrandthoeveamsterdam.nl\/da\/ost\/#primaryimage"},"image":{"@id":"https:\/\/rembrandthoeveamsterdam.nl\/da\/ost\/#primaryimage"},"thumbnailUrl":"https:\/\/rembrandthoeveamsterdam.nl\/wp-content\/uploads\/2022\/07\/rudenko-photography-41.jpg","datePublished":"2022-07-05T14:22:16+00:00","dateModified":"2022-07-28T12:51:50+00:00","breadcrumb":{"@id":"https:\/\/rembrandthoeveamsterdam.nl\/da\/ost\/#breadcrumb"},"inLanguage":"da-DK","potentialAction":[{"@type":"ReadAction","target":["https:\/\/rembrandthoeveamsterdam.nl\/da\/ost\/"]}]},{"@type":"ImageObject","inLanguage":"da-DK","@id":"https:\/\/rembrandthoeveamsterdam.nl\/da\/ost\/#primaryimage","url":"https:\/\/rembrandthoeveamsterdam.nl\/wp-content\/uploads\/2022\/07\/rudenko-photography-41.jpg","contentUrl":"https:\/\/rembrandthoeveamsterdam.nl\/wp-content\/uploads\/2022\/07\/rudenko-photography-41.jpg","width":1600,"height":1200},{"@type":"BreadcrumbList","@id":"https:\/\/rembrandthoeveamsterdam.nl\/da\/ost\/#breadcrumb","itemListElement":[{"@type":"ListItem","position":1,"name":"Home","item":"https:\/\/rembrandthoeveamsterdam.nl\/da\/hjem\/"},{"@type":"ListItem","position":2,"name":"Ost"}]},{"@type":"WebSite","@id":"https:\/\/rembrandthoeveamsterdam.nl\/da\/#website","url":"https:\/\/rembrandthoeveamsterdam.nl\/da\/","name":"The Rembrandt Hoeve","description":"Cheesefarm &amp; Clog factory in Amsterdam","publisher":{"@id":"https:\/\/rembrandthoeveamsterdam.nl\/da\/#organization"},"potentialAction":[{"@type":"SearchAction","target":{"@type":"EntryPoint","urlTemplate":"https:\/\/rembrandthoeveamsterdam.nl\/da\/?s={search_term_string}"},"query-input":{"@type":"PropertyValueSpecification","valueRequired":true,"valueName":"search_term_string"}}],"inLanguage":"da-DK"},{"@type":"Organization","@id":"https:\/\/rembrandthoeveamsterdam.nl\/da\/#organization","name":"The Rembrandt Hoeve","url":"https:\/\/rembrandthoeveamsterdam.nl\/da\/","logo":{"@type":"ImageObject","inLanguage":"da-DK","@id":"https:\/\/rembrandthoeveamsterdam.nl\/da\/#\/schema\/logo\/image\/","url":"https:\/\/rembrandthoeveamsterdam.nl\/wp-content\/uploads\/2020\/10\/logo-2.png","contentUrl":"https:\/\/rembrandthoeveamsterdam.nl\/wp-content\/uploads\/2020\/10\/logo-2.png","width":222,"height":121,"caption":"The Rembrandt Hoeve"},"image":{"@id":"https:\/\/rembrandthoeveamsterdam.nl\/da\/#\/schema\/logo\/image\/"}}]}},"_links":{"self":[{"href":"https:\/\/rembrandthoeveamsterdam.nl\/da\/wp-json\/wp\/v2\/pages\/2735","targetHints":{"allow":["GET"]}}],"collection":[{"href":"https:\/\/rembrandthoeveamsterdam.nl\/da\/wp-json\/wp\/v2\/pages"}],"about":[{"href":"https:\/\/rembrandthoeveamsterdam.nl\/da\/wp-json\/wp\/v2\/types\/page"}],"author":[{"embeddable":true,"href":"https:\/\/rembrandthoeveamsterdam.nl\/da\/wp-json\/wp\/v2\/users\/1"}],"replies":[{"embeddable":true,"href":"https:\/\/rembrandthoeveamsterdam.nl\/da\/wp-json\/wp\/v2\/comments?post=2735"}],"version-history":[{"count":0,"href":"https:\/\/rembrandthoeveamsterdam.nl\/da\/wp-json\/wp\/v2\/pages\/2735\/revisions"}],"wp:featuredmedia":[{"embeddable":true,"href":"https:\/\/rembrandthoeveamsterdam.nl\/da\/wp-json\/wp\/v2\/media\/2602"}],"wp:attachment":[{"href":"https:\/\/rembrandthoeveamsterdam.nl\/da\/wp-json\/wp\/v2\/media?parent=2735"}],"curies":[{"name":"wp","href":"https:\/\/api.w.org\/{rel}","templated":true}]}}